{"id":997,"date":"2019-09-28T14:31:30","date_gmt":"2019-09-28T12:31:30","guid":{"rendered":"https:\/\/spanishjumpinghorses.com\/?page_id=997"},"modified":"2020-04-25T19:42:11","modified_gmt":"2020-04-25T17:42:11","slug":"carthina-z","status":"publish","type":"page","link":"https:\/\/spanishjumpinghorses.com\/index.php\/carthina-z\/","title":{"rendered":"Carthina Z"},"content":{"rendered":"\t\t<div data-elementor-type=\"wp-post\" data-elementor-id=\"997\" class=\"elementor elementor-997\">\n\t\t\t\t\t\t<section class=\"elementor-section elementor-top-section elementor-element elementor-element-1f6a168 elementor-section-boxed elementor-section-height-default elementor-section-height-default\" data-id=\"1f6a168\" data-element_type=\"section\">\n\t\t\t\t\t\t<div class=\"elementor-container elementor-column-gap-default\">\n\t\t\t\t\t<div class=\"elementor-column elementor-col-100 elementor-top-column elementor-element elementor-element-4dec458\" data-id=\"4dec458\" data-element_type=\"column\">\n\t\t\t<div class=\"elementor-widget-wrap elementor-element-populated\">\n\t\t\t\t\t\t<div class=\"elementor-element elementor-element-20ba24e elementor-widget elementor-widget-heading\" data-id=\"20ba24e\" data-element_type=\"widget\" data-widget_type=\"heading.default\">\n\t\t\t\t<div class=\"elementor-widget-container\">\n\t\t\t<h2 class=\"elementor-heading-title elementor-size-default\">CARTHINA Z<\/h2>\t\t<\/div>\n\t\t\t\t<\/div>\n\t\t\t\t<div class=\"elementor-element elementor-element-091980c elementor-widget-divider--view-line elementor-widget elementor-widget-divider\" data-id=\"091980c\" data-element_type=\"widget\" data-widget_type=\"divider.default\">\n\t\t\t\t<div class=\"elementor-widget-container\">\n\t\t\t\t\t<div class=\"elementor-divider\">\n\t\t\t<span class=\"elementor-divider-separator\">\n\t\t\t\t\t\t<\/span>\n\t\t<\/div>\n\t\t\t\t<\/div>\n\t\t\t\t<\/div>\n\t\t\t\t\t<\/div>\n\t\t<\/div>\n\t\t\t\t\t<\/div>\n\t\t<\/section>\n\t\t\t\t<section class=\"elementor-section elementor-top-section elementor-element elementor-element-4164404 elementor-section-boxed elementor-section-height-default elementor-section-height-default\" data-id=\"4164404\" data-element_type=\"section\" data-settings=\"{&quot;background_background&quot;:&quot;classic&quot;}\">\n\t\t\t\t\t\t<div class=\"elementor-container elementor-column-gap-default\">\n\t\t\t\t\t<div class=\"elementor-column elementor-col-50 elementor-top-column elementor-element elementor-element-57c3d4f\" data-id=\"57c3d4f\" data-element_type=\"column\">\n\t\t\t<div class=\"elementor-widget-wrap elementor-element-populated\">\n\t\t\t\t\t\t<div class=\"elementor-element elementor-element-d2466b8 elementor-widget__width-initial elementor-widget elementor-widget-image\" data-id=\"d2466b8\" data-element_type=\"widget\" data-widget_type=\"image.default\">\n\t\t\t\t<div class=\"elementor-widget-container\">\n\t\t\t\t\t\t\t\t\t\t\t\t\t\t<a href=\"https:\/\/spanishjumpinghorses.com\/wp-content\/uploads\/2019\/09\/Captura-de-pantalla-2019-09-28-a-las-14.21.31.png\" data-elementor-open-lightbox=\"yes\" data-elementor-lightbox-title=\"Carthina Z\" data-e-action-hash=\"#elementor-action%3Aaction%3Dlightbox%26settings%3DeyJpZCI6OTkxLCJ1cmwiOiJodHRwczpcL1wvc3BhbmlzaGp1bXBpbmdob3JzZXMuY29tXC93cC1jb250ZW50XC91cGxvYWRzXC8yMDE5XC8wOVwvQ2FwdHVyYS1kZS1wYW50YWxsYS0yMDE5LTA5LTI4LWEtbGFzLTE0LjIxLjMxLnBuZyJ9\">\n\t\t\t\t\t\t\t<img fetchpriority=\"high\" decoding=\"async\" width=\"609\" height=\"385\" src=\"https:\/\/spanishjumpinghorses.com\/wp-content\/uploads\/2019\/09\/Captura-de-pantalla-2019-09-28-a-las-14.21.31.png\" class=\"attachment-large size-large wp-image-991\" alt=\"Carthina Z\" srcset=\"https:\/\/spanishjumpinghorses.com\/wp-content\/uploads\/2019\/09\/Captura-de-pantalla-2019-09-28-a-las-14.21.31.png 609w, https:\/\/spanishjumpinghorses.com\/wp-content\/uploads\/2019\/09\/Captura-de-pantalla-2019-09-28-a-las-14.21.31-300x190.png 300w\" sizes=\"(max-width: 609px) 100vw, 609px\" \/>\t\t\t\t\t\t\t\t<\/a>\n\t\t\t\t\t\t\t\t\t\t\t\t\t<\/div>\n\t\t\t\t<\/div>\n\t\t\t\t<div class=\"elementor-element elementor-element-d77ad2a elementor-widget elementor-widget-spacer\" data-id=\"d77ad2a\" data-element_type=\"widget\" data-widget_type=\"spacer.default\">\n\t\t\t\t<div class=\"elementor-widget-container\">\n\t\t\t\t\t<div class=\"elementor-spacer\">\n\t\t\t<div class=\"elementor-spacer-inner\"><\/div>\n\t\t<\/div>\n\t\t\t\t<\/div>\n\t\t\t\t<\/div>\n\t\t\t\t<div class=\"elementor-element elementor-element-b6fedb6 elementor-widget elementor-widget-text-editor\" data-id=\"b6fedb6\" data-element_type=\"widget\" data-widget_type=\"text-editor.default\">\n\t\t\t\t<div class=\"elementor-widget-container\">\n\t\t\t\t\t\t\t<p class=\"p1\"><strong>Carthina Z fue nombrada yegua del a\u00f1o 2017 de BWP. Ella misma ha saltado a nivel internacional y es hija directa del legendario Carthago.\u00a0 Madre del famoso Emerald.<\/strong><\/p>\t\t\t\t\t\t<\/div>\n\t\t\t\t<\/div>\n\t\t\t\t\t<\/div>\n\t\t<\/div>\n\t\t\t\t<div class=\"elementor-column elementor-col-50 elementor-top-column elementor-element elementor-element-1e84a6f\" data-id=\"1e84a6f\" data-element_type=\"column\">\n\t\t\t<div class=\"elementor-widget-wrap elementor-element-populated\">\n\t\t\t\t\t\t<div class=\"elementor-element elementor-element-e9f3aa8 elementor-tabs-view-horizontal elementor-widget elementor-widget-tabs\" data-id=\"e9f3aa8\" data-element_type=\"widget\" data-widget_type=\"tabs.default\">\n\t\t\t\t<div class=\"elementor-widget-container\">\n\t\t\t\t\t<div class=\"elementor-tabs\">\n\t\t\t<div class=\"elementor-tabs-wrapper\" role=\"tablist\" >\n\t\t\t\t\t\t\t\t\t<div id=\"elementor-tab-title-2451\" class=\"elementor-tab-title elementor-tab-desktop-title\" aria-selected=\"true\" data-tab=\"1\" role=\"tab\" tabindex=\"0\" aria-controls=\"elementor-tab-content-2451\" aria-expanded=\"false\">HISTORIA<\/div>\n\t\t\t\t\t\t\t\t\t<div id=\"elementor-tab-title-2452\" class=\"elementor-tab-title elementor-tab-desktop-title\" aria-selected=\"false\" data-tab=\"2\" role=\"tab\" tabindex=\"-1\" aria-controls=\"elementor-tab-content-2452\" aria-expanded=\"false\">GALER\u00cdA<\/div>\n\t\t\t\t\t\t\t\t\t<div id=\"elementor-tab-title-2453\" class=\"elementor-tab-title elementor-tab-desktop-title\" aria-selected=\"false\" data-tab=\"3\" role=\"tab\" tabindex=\"-1\" aria-controls=\"elementor-tab-content-2453\" aria-expanded=\"false\">VIDEOS<\/div>\n\t\t\t\t\t\t\t<\/div>\n\t\t\t<div class=\"elementor-tabs-content-wrapper\" role=\"tablist\" aria-orientation=\"vertical\">\n\t\t\t\t\t\t\t\t\t<div class=\"elementor-tab-title elementor-tab-mobile-title\" aria-selected=\"true\" data-tab=\"1\" role=\"tab\" tabindex=\"0\" aria-controls=\"elementor-tab-content-2451\" aria-expanded=\"false\">HISTORIA<\/div>\n\t\t\t\t\t<div id=\"elementor-tab-content-2451\" class=\"elementor-tab-content elementor-clearfix\" data-tab=\"1\" role=\"tabpanel\" aria-labelledby=\"elementor-tab-title-2451\" tabindex=\"0\" hidden=\"false\"><p class=\"p1\" style=\"text-align: justify;\">La primera hija de Carthina Z fue Diamantima, que compiti\u00f3 con \u00e9xito internacional con Niels Bruynssels y Constan van Paeschen. Y tambi\u00e9n ha aportado mucho en la cr\u00eda, siendo madre y abuela de sementales aprobados que tambi\u00e9n compiten a nivel internacional.<\/p><p class=\"p1\" style=\"text-align: justify;\">Diamantina ha ganado en Rotterdam, Chantilly, Beervelde, Lons le Saunier. Es madre de los sementales aprobados Kentuky vh Ruytershof, Je t\u2019adore van\u2019t Ruytershof, y Le Blue Diamant vh Ruytershof.<\/p><p class=\"p1\" style=\"text-align: justify;\">El a\u00f1o despu\u00e9s naci\u00f3 Emerald, semental ol\u00edmpico. Ganador de numerosos grandes premios como el de Bordeaux, Chantilly y Lanaken, 2 veces 2\u00ba en la final de la Copa del Mundo Finalista individual y por equipos en las Olimpiadas de R\u00edo de Janeiro. Y adem\u00e1s es uno de los sementales m\u00e1s populares en todo el mundo.<\/p><p class=\"p1\" style=\"text-align: justify;\">Carthina Z Tambi\u00e9n es madre de Fragile, Gucci, Ilusionata, L\u00b4Innocence y Nixon, que es uno de los sementales j\u00f3venes m\u00e1s populares del mundo.<\/p><p class=\"p1\" style=\"text-align: justify;\">Nixon es uno de los sementales j\u00f3venes m\u00e1s importantes de la actualidad, y es montado por Harrie Smolders. Este a\u00f1o ha recibido el premio de ser el semental Bwp joven con m\u00e1s potros inscritos en B\u00e9ogca.<\/p><\/div>\n\t\t\t\t\t\t\t\t\t<div class=\"elementor-tab-title elementor-tab-mobile-title\" aria-selected=\"false\" data-tab=\"2\" role=\"tab\" tabindex=\"-1\" aria-controls=\"elementor-tab-content-2452\" aria-expanded=\"false\">GALER\u00cdA<\/div>\n\t\t\t\t\t<div id=\"elementor-tab-content-2452\" class=\"elementor-tab-content elementor-clearfix\" data-tab=\"2\" role=\"tabpanel\" aria-labelledby=\"elementor-tab-title-2452\" tabindex=\"0\" hidden=\"hidden\"><p><div id='gallery-1' class='gallery galleryid-997 gallery-columns-3 gallery-size-thumbnail'><figure class='gallery-item'>\n\t\t\t<div class='gallery-icon landscape'>\n\t\t\t\t<a href='https:\/\/spanishjumpinghorses.com\/wp-content\/uploads\/2019\/09\/012-Nixon-vant-Meulenhof-BWPK16X1831-600x400.jpg'><img decoding=\"async\" width=\"150\" height=\"150\" src=\"https:\/\/spanishjumpinghorses.com\/wp-content\/uploads\/2019\/09\/012-Nixon-vant-Meulenhof-BWPK16X1831-600x400-150x150.jpg\" class=\"attachment-thumbnail size-thumbnail\" alt=\"\" aria-describedby=\"gallery-1-1004\" \/><\/a>\n\t\t\t<\/div>\n\t\t\t\t<figcaption class='wp-caption-text gallery-caption' id='gallery-1-1004'>\n\t\t\t\tNixon van &#8216;t Meulenhof\n\t\t\t\t<\/figcaption><\/figure><figure class='gallery-item'>\n\t\t\t<div class='gallery-icon portrait'>\n\t\t\t\t<a href='https:\/\/spanishjumpinghorses.com\/wp-content\/uploads\/2019\/09\/Diamantina.jpg'><img decoding=\"async\" width=\"150\" height=\"150\" src=\"https:\/\/spanishjumpinghorses.com\/wp-content\/uploads\/2019\/09\/Diamantina-150x150.jpg\" class=\"attachment-thumbnail size-thumbnail\" alt=\"\" aria-describedby=\"gallery-1-1005\" \/><\/a>\n\t\t\t<\/div>\n\t\t\t\t<figcaption class='wp-caption-text gallery-caption' id='gallery-1-1005'>\n\t\t\t\tDiamantina\n\t\t\t\t<\/figcaption><\/figure><figure class='gallery-item'>\n\t\t\t<div class='gallery-icon landscape'>\n\t\t\t\t<a href='https:\/\/spanishjumpinghorses.com\/wp-content\/uploads\/2019\/09\/emerald.jpg'><img loading=\"lazy\" decoding=\"async\" width=\"150\" height=\"150\" src=\"https:\/\/spanishjumpinghorses.com\/wp-content\/uploads\/2019\/09\/emerald-150x150.jpg\" class=\"attachment-thumbnail size-thumbnail\" alt=\"\" aria-describedby=\"gallery-1-1006\" \/><\/a>\n\t\t\t<\/div>\n\t\t\t\t<figcaption class='wp-caption-text gallery-caption' id='gallery-1-1006'>\n\t\t\t\tEmerald\n\t\t\t\t<\/figcaption><\/figure><figure class='gallery-item'>\n\t\t\t<div class='gallery-icon landscape'>\n\t\t\t\t<a href='https:\/\/spanishjumpinghorses.com\/wp-content\/uploads\/2019\/09\/Diamantinaa.jpg'><img loading=\"lazy\" decoding=\"async\" width=\"150\" height=\"150\" src=\"https:\/\/spanishjumpinghorses.com\/wp-content\/uploads\/2019\/09\/Diamantinaa-150x150.jpg\" class=\"attachment-thumbnail size-thumbnail\" alt=\"\" aria-describedby=\"gallery-1-1007\" \/><\/a>\n\t\t\t<\/div>\n\t\t\t\t<figcaption class='wp-caption-text gallery-caption' id='gallery-1-1007'>\n\t\t\t\tDiamantina\n\t\t\t\t<\/figcaption><\/figure>\n\t\t<\/div>\n<\/p><\/div>\n\t\t\t\t\t\t\t\t\t<div class=\"elementor-tab-title elementor-tab-mobile-title\" aria-selected=\"false\" data-tab=\"3\" role=\"tab\" tabindex=\"-1\" aria-controls=\"elementor-tab-content-2453\" aria-expanded=\"false\">VIDEOS<\/div>\n\t\t\t\t\t<div id=\"elementor-tab-content-2453\" class=\"elementor-tab-content elementor-clearfix\" data-tab=\"3\" role=\"tabpanel\" aria-labelledby=\"elementor-tab-title-2453\" tabindex=\"0\" hidden=\"hidden\"><p>Emerald, hijo de Carthina Z<\/p><p><p class=\"responsive-video-wrap clr\"><iframe title=\"EMERALD- LA BAULE CSIO 2015 EP09B CSIO5 COUPE DES NATIONS 2e\u0300me manche\" width=\"1200\" height=\"675\" src=\"https:\/\/www.youtube.com\/embed\/DpBrGP-c14w?feature=oembed\" frameborder=\"0\" allow=\"accelerometer; autoplay; encrypted-media; gyroscope; picture-in-picture\" allowfullscreen><\/iframe><\/p><\/p><\/div>\n\t\t\t\t\t\t\t<\/div>\n\t\t<\/div>\n\t\t\t\t<\/div>\n\t\t\t\t<\/div>\n\t\t\t\t\t<\/div>\n\t\t<\/div>\n\t\t\t\t\t<\/div>\n\t\t<\/section>\n\t\t\t\t<section class=\"elementor-section elementor-top-section elementor-element elementor-element-6937e30 elementor-section-boxed elementor-section-height-default elementor-section-height-default\" data-id=\"6937e30\" data-element_type=\"section\" data-settings=\"{&quot;background_background&quot;:&quot;classic&quot;,&quot;shape_divider_top&quot;:&quot;opacity-tilt&quot;}\">\n\t\t\t\t\t<div class=\"elementor-shape elementor-shape-top\" data-negative=\"false\">\n\t\t\t<svg xmlns=\"http:\/\/www.w3.org\/2000\/svg\" viewBox=\"0 0 2600 131.1\" preserveAspectRatio=\"none\">\n\t<path class=\"elementor-shape-fill\" d=\"M0 0L2600 0 2600 69.1 0 0z\"\/>\n\t<path class=\"elementor-shape-fill\" style=\"opacity:0.5\" d=\"M0 0L2600 0 2600 69.1 0 69.1z\"\/>\n\t<path class=\"elementor-shape-fill\" style=\"opacity:0.25\" d=\"M2600 0L0 0 0 130.1 2600 69.1z\"\/>\n<\/svg>\t\t<\/div>\n\t\t\t\t\t<div class=\"elementor-container elementor-column-gap-default\">\n\t\t\t\t\t<div class=\"elementor-column elementor-col-100 elementor-top-column elementor-element elementor-element-b142a35\" data-id=\"b142a35\" data-element_type=\"column\">\n\t\t\t<div class=\"elementor-widget-wrap elementor-element-populated\">\n\t\t\t\t\t\t<div class=\"elementor-element elementor-element-9ac5688 elementor-widget elementor-widget-spacer\" data-id=\"9ac5688\" data-element_type=\"widget\" data-widget_type=\"spacer.default\">\n\t\t\t\t<div class=\"elementor-widget-container\">\n\t\t\t\t\t<div class=\"elementor-spacer\">\n\t\t\t<div class=\"elementor-spacer-inner\"><\/div>\n\t\t<\/div>\n\t\t\t\t<\/div>\n\t\t\t\t<\/div>\n\t\t\t\t<div class=\"elementor-element elementor-element-ed4b3b8 elementor-widget elementor-widget-heading\" data-id=\"ed4b3b8\" data-element_type=\"widget\" data-widget_type=\"heading.default\">\n\t\t\t\t<div class=\"elementor-widget-container\">\n\t\t\t<h2 class=\"elementor-heading-title elementor-size-default\">OR\u00cdGENES<\/h2>\t\t<\/div>\n\t\t\t\t<\/div>\n\t\t\t\t\t<\/div>\n\t\t<\/div>\n\t\t\t\t\t<\/div>\n\t\t<\/section>\n\t\t\t\t<section class=\"elementor-section elementor-top-section elementor-element elementor-element-568acc4 elementor-section-boxed elementor-section-height-default elementor-section-height-default\" data-id=\"568acc4\" data-element_type=\"section\" data-settings=\"{&quot;background_background&quot;:&quot;classic&quot;,&quot;shape_divider_bottom&quot;:&quot;opacity-tilt&quot;}\">\n\t\t\t\t\t<div class=\"elementor-shape elementor-shape-bottom\" data-negative=\"false\">\n\t\t\t<svg xmlns=\"http:\/\/www.w3.org\/2000\/svg\" viewBox=\"0 0 2600 131.1\" preserveAspectRatio=\"none\">\n\t<path class=\"elementor-shape-fill\" d=\"M0 0L2600 0 2600 69.1 0 0z\"\/>\n\t<path class=\"elementor-shape-fill\" style=\"opacity:0.5\" d=\"M0 0L2600 0 2600 69.1 0 69.1z\"\/>\n\t<path class=\"elementor-shape-fill\" style=\"opacity:0.25\" d=\"M2600 0L0 0 0 130.1 2600 69.1z\"\/>\n<\/svg>\t\t<\/div>\n\t\t\t\t\t<div class=\"elementor-container elementor-column-gap-default\">\n\t\t\t\t\t<div class=\"elementor-column elementor-col-100 elementor-top-column elementor-element elementor-element-9c4ac0a\" data-id=\"9c4ac0a\" data-element_type=\"column\">\n\t\t\t<div class=\"elementor-widget-wrap elementor-element-populated\">\n\t\t\t\t\t\t<div class=\"elementor-element elementor-element-ccaa7e0 elementor-widget elementor-widget-text-editor\" data-id=\"ccaa7e0\" data-element_type=\"widget\" data-widget_type=\"text-editor.default\">\n\t\t\t\t<div class=\"elementor-widget-container\">\n\t\t\t\t\t\t\t<table><tbody><tr><td style=\"text-align: left;\" rowspan=\"4\" width=\"188\"><p><span style=\"color: #63c1ff;\"><strong>\u00a0 \u00a0 \u00a0 \u00a0 \u00a0 <\/strong><\/span><\/p><h6><span style=\"color: #63c1ff;\"><strong>\u00a0 \u00a0 \u00a0 \u00a0 \u00a0 <\/strong><\/span><\/h6><h6><span style=\"color: #63c1ff;\"><strong>\u00a0 \u00a0 \u00a0 \u00a0 \u00a0 \u00a0 \u00a0 \u00a0 \u00a0 \u00a0 \u00a0 \u00a0 Carthago<\/strong><\/span><\/h6><\/td><td rowspan=\"2\" width=\"188\"><h6>\u00a0<\/h6><h6><span style=\"color: #63c1ff;\"><strong>Capitol I<\/strong><\/span><\/h6><\/td><td width=\"188\"><span style=\"color: #63c1ff;\"><strong>Capitano<\/strong><\/span><\/td><\/tr><tr><td width=\"188\"><span style=\"color: #63c1ff;\"><strong>\u00a0 \u00a0Folia<\/strong><\/span><\/td><\/tr><tr><td rowspan=\"2\" width=\"188\"><h6>\u00a0<\/h6><p><span style=\"color: #63c1ff;\"><strong>\u00a0 \u00a0 <\/strong><strong>Perra<\/strong><\/span><\/p><\/td><td width=\"188\"><span style=\"color: #63c1ff;\"><strong>Calando I<\/strong><\/span><\/td><\/tr><tr><td width=\"188\"><span style=\"color: #63c1ff;\"><strong>\u00a0 \u00a0Kerrin<\/strong><\/span><\/td><\/tr><tr><td style=\"text-align: center;\" rowspan=\"4\" width=\"188\"><h6>\u00a0<\/h6><h6>\u00a0<\/h6><h6 style=\"text-align: left;\"><span style=\"color: #63c1ff;\"><strong>\u00a0 \u00a0 \u00a0 \u00a0 \u00a0 \u00a0 \u00a0 \u00a0 \u00a0 \u00a0 \u00a0 \u00a0 \u00a0Tanagra &#8216;s&#8217; Van Het Darohof<\/strong><\/span><\/h6><\/td><td rowspan=\"2\" width=\"188\"><h6>\u00a0<\/h6><h6><span style=\"color: #63c1ff;\"><strong>Lys de Darmen<\/strong><\/span><\/h6><\/td><td width=\"188\"><span style=\"color: #63c1ff;\"><strong>Et Hop X<\/strong><\/span><\/td><\/tr><tr><td width=\"188\"><span style=\"color: #63c1ff;\"><strong>\u00a0 \u00a0Darmen<\/strong><\/span><\/td><\/tr><tr><td rowspan=\"2\" width=\"188\"><p><span style=\"color: #63c1ff;\"><strong>\u00a0 \u00a0<\/strong><\/span><\/p><p><span style=\"color: #63c1ff;\"><strong>\u00a0 \u00a0Gesina Van Het Darohof<\/strong><\/span><\/p><\/td><td width=\"188\"><span style=\"color: #63c1ff;\"><strong>Mellinor<\/strong><\/span><\/td><\/tr><tr><td width=\"188\"><span style=\"color: #63c1ff;\"><strong>\u00a0 \u00a0Cursa<\/strong><\/span><\/td><\/tr><\/tbody><\/table>\t\t\t\t\t\t<\/div>\n\t\t\t\t<\/div>\n\t\t\t\t<div class=\"elementor-element elementor-element-71b9f3b elementor-widget elementor-widget-spacer\" data-id=\"71b9f3b\" data-element_type=\"widget\" data-widget_type=\"spacer.default\">\n\t\t\t\t<div class=\"elementor-widget-container\">\n\t\t\t\t\t<div class=\"elementor-spacer\">\n\t\t\t<div class=\"elementor-spacer-inner\"><\/div>\n\t\t<\/div>\n\t\t\t\t<\/div>\n\t\t\t\t<\/div>\n\t\t\t\t\t<\/div>\n\t\t<\/div>\n\t\t\t\t\t<\/div>\n\t\t<\/section>\n\t\t\t\t<\/div>\n\t\t","protected":false},"excerpt":{"rendered":"<p>CARTHINA Z Carthina Z fue nombrada yegua del a\u00f1o 2017 de BWP. Ella misma ha saltado a nivel internacional y es hija directa del legendario Carthago.\u00a0 Madre del famoso Emerald. HISTORIA GALER\u00cdA VIDEOS HISTORIA La primera hija de Carthina Z fue Diamantima, que compiti\u00f3 con \u00e9xito internacional con Niels Bruynssels y Constan van Paeschen. Y [&hellip;]<\/p>\n","protected":false},"author":1,"featured_media":0,"parent":0,"menu_order":0,"comment_status":"closed","ping_status":"closed","template":"","meta":{"ocean_post_layout":"full-screen","ocean_both_sidebars_style":"","ocean_both_sidebars_content_width":0,"ocean_both_sidebars_sidebars_width":0,"ocean_sidebar":"0","ocean_second_sidebar":"0","ocean_disable_margins":"enable","ocean_add_body_class":"","ocean_shortcode_before_top_bar":"","ocean_shortcode_after_top_bar":"","ocean_shortcode_before_header":"","ocean_shortcode_after_header":"","ocean_has_shortcode":"","ocean_shortcode_after_title":"","ocean_shortcode_before_footer_widgets":"","ocean_shortcode_after_footer_widgets":"","ocean_shortcode_before_footer_bottom":"","ocean_shortcode_after_footer_bottom":"","ocean_display_top_bar":"off","ocean_display_header":"default","ocean_header_style":"","ocean_center_header_left_menu":"0","ocean_custom_header_template":"0","ocean_custom_logo":0,"ocean_custom_retina_logo":0,"ocean_custom_logo_max_width":0,"ocean_custom_logo_tablet_max_width":0,"ocean_custom_logo_mobile_max_width":0,"ocean_custom_logo_max_height":0,"ocean_custom_logo_tablet_max_height":0,"ocean_custom_logo_mobile_max_height":0,"ocean_header_custom_menu":"0","ocean_menu_typo_font_family":"0","ocean_menu_typo_font_subset":"","ocean_menu_typo_font_size":0,"ocean_menu_typo_font_size_tablet":0,"ocean_menu_typo_font_size_mobile":0,"ocean_menu_typo_font_size_unit":"px","ocean_menu_typo_font_weight":"","ocean_menu_typo_font_weight_tablet":"","ocean_menu_typo_font_weight_mobile":"","ocean_menu_typo_transform":"","ocean_menu_typo_transform_tablet":"","ocean_menu_typo_transform_mobile":"","ocean_menu_typo_line_height":0,"ocean_menu_typo_line_height_tablet":0,"ocean_menu_typo_line_height_mobile":0,"ocean_menu_typo_line_height_unit":"","ocean_menu_typo_spacing":0,"ocean_menu_typo_spacing_tablet":0,"ocean_menu_typo_spacing_mobile":0,"ocean_menu_typo_spacing_unit":"","ocean_menu_link_color":"","ocean_menu_link_color_hover":"","ocean_menu_link_color_active":"","ocean_menu_link_background":"","ocean_menu_link_hover_background":"","ocean_menu_link_active_background":"","ocean_menu_social_links_bg":"","ocean_menu_social_hover_links_bg":"","ocean_menu_social_links_color":"","ocean_menu_social_hover_links_color":"","ocean_disable_title":"on","ocean_disable_heading":"default","ocean_post_title":"","ocean_post_subheading":"","ocean_post_title_style":"","ocean_post_title_background_color":"","ocean_post_title_background":0,"ocean_post_title_bg_image_position":"","ocean_post_title_bg_image_attachment":"","ocean_post_title_bg_image_repeat":"","ocean_post_title_bg_image_size":"","ocean_post_title_height":0,"ocean_post_title_bg_overlay":0.5,"ocean_post_title_bg_overlay_color":"","ocean_disable_breadcrumbs":"default","ocean_breadcrumbs_color":"","ocean_breadcrumbs_separator_color":"","ocean_breadcrumbs_links_color":"","ocean_breadcrumbs_links_hover_color":"","ocean_display_footer_widgets":"default","ocean_display_footer_bottom":"default","ocean_custom_footer_template":"0","footnotes":""},"class_list":["post-997","page","type-page","status-publish","hentry","entry"],"_links":{"self":[{"href":"https:\/\/spanishjumpinghorses.com\/index.php\/wp-json\/wp\/v2\/pages\/997","targetHints":{"allow":["GET"]}}],"collection":[{"href":"https:\/\/spanishjumpinghorses.com\/index.php\/wp-json\/wp\/v2\/pages"}],"about":[{"href":"https:\/\/spanishjumpinghorses.com\/index.php\/wp-json\/wp\/v2\/types\/page"}],"author":[{"embeddable":true,"href":"https:\/\/spanishjumpinghorses.com\/index.php\/wp-json\/wp\/v2\/users\/1"}],"replies":[{"embeddable":true,"href":"https:\/\/spanishjumpinghorses.com\/index.php\/wp-json\/wp\/v2\/comments?post=997"}],"version-history":[{"count":8,"href":"https:\/\/spanishjumpinghorses.com\/index.php\/wp-json\/wp\/v2\/pages\/997\/revisions"}],"predecessor-version":[{"id":1190,"href":"https:\/\/spanishjumpinghorses.com\/index.php\/wp-json\/wp\/v2\/pages\/997\/revisions\/1190"}],"wp:attachment":[{"href":"https:\/\/spanishjumpinghorses.com\/index.php\/wp-json\/wp\/v2\/media?parent=997"}],"curies":[{"name":"wp","href":"https:\/\/api.w.org\/{rel}","templated":true}]}}