{"id":920,"date":"2019-08-14T15:44:42","date_gmt":"2019-08-14T13:44:42","guid":{"rendered":"https:\/\/spanishjumpinghorses.com\/?page_id=920"},"modified":"2020-03-26T10:37:40","modified_gmt":"2020-03-26T09:37:40","slug":"crack-c","status":"publish","type":"page","link":"https:\/\/spanishjumpinghorses.com\/index.php\/crack-c\/","title":{"rendered":"Crack C"},"content":{"rendered":"\t\t<div data-elementor-type=\"wp-post\" data-elementor-id=\"920\" class=\"elementor elementor-920\">\n\t\t\t\t\t\t<section class=\"elementor-section elementor-top-section elementor-element elementor-element-7eae186 elementor-section-boxed elementor-section-height-default elementor-section-height-default\" data-id=\"7eae186\" data-element_type=\"section\">\n\t\t\t\t\t\t<div class=\"elementor-container elementor-column-gap-default\">\n\t\t\t\t\t<div class=\"elementor-column elementor-col-100 elementor-top-column elementor-element elementor-element-1930e8d\" data-id=\"1930e8d\" data-element_type=\"column\">\n\t\t\t<div class=\"elementor-widget-wrap elementor-element-populated\">\n\t\t\t\t\t\t<div class=\"elementor-element elementor-element-202e768 elementor-widget elementor-widget-heading\" data-id=\"202e768\" data-element_type=\"widget\" data-widget_type=\"heading.default\">\n\t\t\t\t<div class=\"elementor-widget-container\">\n\t\t\t<h2 class=\"elementor-heading-title elementor-size-default\">CRACK C<\/h2>\t\t<\/div>\n\t\t\t\t<\/div>\n\t\t\t\t<div class=\"elementor-element elementor-element-cd38a5e elementor-widget elementor-widget-text-editor\" data-id=\"cd38a5e\" data-element_type=\"widget\" data-widget_type=\"text-editor.default\">\n\t\t\t\t<div class=\"elementor-widget-container\">\n\t\t\t\t\t\t\t<p>Cornet Obolensky \u2014 Candillo<\/p>\t\t\t\t\t\t<\/div>\n\t\t\t\t<\/div>\n\t\t\t\t<div class=\"elementor-element elementor-element-d8e7d46 elementor-arrows-position-inside elementor-pagination-position-outside elementor-widget elementor-widget-image-carousel\" data-id=\"d8e7d46\" data-element_type=\"widget\" data-settings=\"{&quot;slides_to_show&quot;:&quot;1&quot;,&quot;autoplay_speed&quot;:4990,&quot;effect&quot;:&quot;fade&quot;,&quot;navigation&quot;:&quot;both&quot;,&quot;autoplay&quot;:&quot;yes&quot;,&quot;pause_on_hover&quot;:&quot;yes&quot;,&quot;pause_on_interaction&quot;:&quot;yes&quot;,&quot;infinite&quot;:&quot;yes&quot;,&quot;speed&quot;:500}\" data-widget_type=\"image-carousel.default\">\n\t\t\t\t<div class=\"elementor-widget-container\">\n\t\t\t\t\t<div class=\"elementor-image-carousel-wrapper swiper\" dir=\"ltr\">\n\t\t\t<div class=\"elementor-image-carousel swiper-wrapper\" aria-live=\"off\">\n\t\t\t\t\t\t\t\t<div class=\"swiper-slide\" role=\"group\" aria-roledescription=\"slide\" aria-label=\"1 de 4\"><figure class=\"swiper-slide-inner\"><img decoding=\"async\" class=\"swiper-slide-image\" src=\"https:\/\/spanishjumpinghorses.com\/wp-content\/uploads\/2019\/08\/Captura-de-pantalla-2019-08-12-a-las-12.21.32-1.png\" alt=\"Crack C\" \/><\/figure><\/div><div class=\"swiper-slide\" role=\"group\" aria-roledescription=\"slide\" aria-label=\"2 de 4\"><figure class=\"swiper-slide-inner\"><img decoding=\"async\" class=\"swiper-slide-image\" src=\"https:\/\/spanishjumpinghorses.com\/wp-content\/uploads\/2019\/08\/Crack-C-2-1.jpg\" alt=\"Crack-C\" \/><\/figure><\/div><div class=\"swiper-slide\" role=\"group\" aria-roledescription=\"slide\" aria-label=\"3 de 4\"><figure class=\"swiper-slide-inner\"><img decoding=\"async\" class=\"swiper-slide-image\" src=\"https:\/\/spanishjumpinghorses.com\/wp-content\/uploads\/2019\/08\/Captura-de-pantalla-2019-08-12-a-las-13.09.18.png\" alt=\"Crack C\" \/><\/figure><\/div><div class=\"swiper-slide\" role=\"group\" aria-roledescription=\"slide\" aria-label=\"4 de 4\"><figure class=\"swiper-slide-inner\"><img decoding=\"async\" class=\"swiper-slide-image\" src=\"https:\/\/spanishjumpinghorses.com\/wp-content\/uploads\/2019\/08\/Captura-de-pantalla-2019-08-12-a-las-13.07.22.png\" alt=\"Crack C\" \/><\/figure><\/div>\t\t\t<\/div>\n\t\t\t\t\t\t\t\t\t\t\t\t<div class=\"elementor-swiper-button elementor-swiper-button-prev\" role=\"button\" tabindex=\"0\">\n\t\t\t\t\t\t<i aria-hidden=\"true\" class=\"eicon-chevron-left\"><\/i>\t\t\t\t\t<\/div>\n\t\t\t\t\t<div class=\"elementor-swiper-button elementor-swiper-button-next\" role=\"button\" tabindex=\"0\">\n\t\t\t\t\t\t<i aria-hidden=\"true\" class=\"eicon-chevron-right\"><\/i>\t\t\t\t\t<\/div>\n\t\t\t\t\n\t\t\t\t\t\t\t\t\t<div class=\"swiper-pagination\"><\/div>\n\t\t\t\t\t\t\t\t\t<\/div>\n\t\t\t\t<\/div>\n\t\t\t\t<\/div>\n\t\t\t\t\t<\/div>\n\t\t<\/div>\n\t\t\t\t\t<\/div>\n\t\t<\/section>\n\t\t\t\t<section class=\"elementor-section elementor-top-section elementor-element elementor-element-2cddebd elementor-section-boxed elementor-section-height-default elementor-section-height-default\" data-id=\"2cddebd\" data-element_type=\"section\">\n\t\t\t\t\t\t<div class=\"elementor-container elementor-column-gap-default\">\n\t\t\t\t\t<div class=\"elementor-column elementor-col-100 elementor-top-column elementor-element elementor-element-d9415e9\" data-id=\"d9415e9\" data-element_type=\"column\">\n\t\t\t<div class=\"elementor-widget-wrap elementor-element-populated\">\n\t\t\t\t\t\t<div class=\"elementor-element elementor-element-9f0e9ad elementor-widget elementor-widget-heading\" data-id=\"9f0e9ad\" data-element_type=\"widget\" data-widget_type=\"heading.default\">\n\t\t\t\t<div class=\"elementor-widget-container\">\n\t\t\t<h2 class=\"elementor-heading-title elementor-size-default\">DESCRIPCI\u00d3N DE CRACK C<\/h2>\t\t<\/div>\n\t\t\t\t<\/div>\n\t\t\t\t<div class=\"elementor-element elementor-element-0cae9c9 elementor-widget-divider--view-line elementor-widget elementor-widget-divider\" data-id=\"0cae9c9\" data-element_type=\"widget\" data-widget_type=\"divider.default\">\n\t\t\t\t<div class=\"elementor-widget-container\">\n\t\t\t\t\t<div class=\"elementor-divider\">\n\t\t\t<span class=\"elementor-divider-separator\">\n\t\t\t\t\t\t<\/span>\n\t\t<\/div>\n\t\t\t\t<\/div>\n\t\t\t\t<\/div>\n\t\t\t\t<div class=\"elementor-element elementor-element-b431d64 elementor-widget elementor-widget-text-editor\" data-id=\"b431d64\" data-element_type=\"widget\" data-widget_type=\"text-editor.default\">\n\t\t\t\t<div class=\"elementor-widget-container\">\n\t\t\t\t\t\t\t<p style=\"text-align: justify;\">Con varios puestos en Copas del Mundo, Copas de Naciones y despu\u00e9s de haber coronado su carrera con el oro del equipo en el Campeonato de Europa en 2011, Cornet Obolensky es considerado uno de los caballos de m\u00e1s alto nivel internacional de su tiempo bajo Marco Kutscher. Ha sido retirado de la competici\u00f3n y desde entonces hasta ahora, a los 19 a\u00f1os, es considerado uno de los mejores caballos de salto del mundo. Los caballos Cornardo NRW, Cornet d\u2019Amour y Comme il faut est\u00e1n directamente relacionados con Cornet Obolensky.<\/p><p style=\"text-align: justify;\">La l\u00ednea de Crack se ha distinguido a nivel internacional en numerosas competiciones. Su hermana Corcega la Silla hija de Casall atrajo mucha atenci\u00f3n en las pruebas de caballos j\u00f3venes en competiciones internacionales bajo Rolf-G\u00f6ran Bengtsson. Un hermano de Crack, Inar C hijo Quidam de Revel, con tan solo 9 a\u00f1os ya estaba compitiendo en pruebas internacionales de 1.50. Su abuela, Adele, tambi\u00e9n produjo el exitoso semental deportivo y de cr\u00eda Ouinar hijo de Quidam de Revel.<\/p><p style=\"text-align: justify;\">Cornet Obolensky tambi\u00e9n lleva genes Holsteiner probados a trav\u00e9s de su abuelo paterno Corrado I, su gran padre materno Nimmerdor, as\u00ed como el padre Ramiro de Randel.<\/p><p style=\"text-align: justify;\">El semental tordo Crack destaca por su apariencia. Su excelente l\u00ednea superior, con un cuello ligero y bien proporcionado que se combina con un hombro ideal, y una cruz y una espalda perfectamente conformadas merecen una menci\u00f3n especial.\u00a0<\/p><p style=\"text-align: justify;\">Crack demostr\u00f3 consistentemente su calidad de salto en las pruebas de preselecci\u00f3n e inspecci\u00f3n: cuenta con un salto muy amplio y con un equilibrio muy bueno, se muestra ambicioso, con una actitud positiva y una t\u00e9cnica particularmente llamativa de las patas traseras.<\/p>\t\t\t\t\t\t<\/div>\n\t\t\t\t<\/div>\n\t\t\t\t\t<\/div>\n\t\t<\/div>\n\t\t\t\t\t<\/div>\n\t\t<\/section>\n\t\t\t\t<section class=\"elementor-section elementor-top-section elementor-element elementor-element-641fde9 elementor-section-boxed elementor-section-height-default elementor-section-height-default\" data-id=\"641fde9\" data-element_type=\"section\" data-settings=\"{&quot;background_background&quot;:&quot;classic&quot;,&quot;shape_divider_bottom&quot;:&quot;opacity-tilt&quot;}\">\n\t\t\t\t\t<div class=\"elementor-shape elementor-shape-bottom\" data-negative=\"false\">\n\t\t\t<svg xmlns=\"http:\/\/www.w3.org\/2000\/svg\" viewBox=\"0 0 2600 131.1\" preserveAspectRatio=\"none\">\n\t<path class=\"elementor-shape-fill\" d=\"M0 0L2600 0 2600 69.1 0 0z\"\/>\n\t<path class=\"elementor-shape-fill\" style=\"opacity:0.5\" d=\"M0 0L2600 0 2600 69.1 0 69.1z\"\/>\n\t<path class=\"elementor-shape-fill\" style=\"opacity:0.25\" d=\"M2600 0L0 0 0 130.1 2600 69.1z\"\/>\n<\/svg>\t\t<\/div>\n\t\t\t\t\t<div class=\"elementor-container elementor-column-gap-default\">\n\t\t\t\t\t<div class=\"elementor-column elementor-col-100 elementor-top-column elementor-element elementor-element-d581426\" data-id=\"d581426\" data-element_type=\"column\">\n\t\t\t<div class=\"elementor-widget-wrap elementor-element-populated\">\n\t\t\t\t\t\t<div class=\"elementor-element elementor-element-c06f7ee elementor-widget elementor-widget-text-editor\" data-id=\"c06f7ee\" data-element_type=\"widget\" data-widget_type=\"text-editor.default\">\n\t\t\t\t<div class=\"elementor-widget-container\">\n\t\t\t\t\t\t\t<table><tbody><tr><td style=\"text-align: left;\" rowspan=\"4\" width=\"188\"><p><span style=\"color: #63c1ff;\"><strong>\u00a0 \u00a0 \u00a0 \u00a0 \u00a0 <\/strong><\/span><\/p><h6><span style=\"color: #63c1ff;\"><strong>\u00a0 \u00a0 \u00a0 \u00a0 \u00a0 <\/strong><\/span><\/h6><h6><span style=\"color: #63c1ff;\"><strong>\u00a0 \u00a0 \u00a0 \u00a0 \u00a0 \u00a0 \u00a0 \u00a0 \u00a0 \u00a0 \u00a0 \u00a0 Cornet Obolensky<\/strong><\/span><\/h6><\/td><td rowspan=\"2\" width=\"188\"><h6>\u00a0<\/h6><h6><span style=\"color: #63c1ff;\"><strong>Clinton<\/strong><\/span><\/h6><\/td><td width=\"188\"><span style=\"color: #63c1ff;\"><strong>Corrado I<\/strong><\/span><\/td><\/tr><tr><td width=\"188\"><span style=\"color: #63c1ff;\"><strong>\u00a0 \u00a0Urte I<\/strong><\/span><\/td><\/tr><tr><td rowspan=\"2\" width=\"188\"><h6>\u00a0<\/h6><p><span style=\"color: #63c1ff;\"><strong>\u00a0 \u00a0 <\/strong><strong>Rabanna Van Costerveld<\/strong><\/span><\/p><\/td><td width=\"188\"><span style=\"color: #63c1ff;\"><strong>Heartbreaker WPN<\/strong><\/span><\/td><\/tr><tr><td width=\"188\"><span style=\"color: #63c1ff;\"><strong>\u00a0 \u00a0Holivea Van Costerveld BWP<\/strong><\/span><\/td><\/tr><tr><td style=\"text-align: center;\" rowspan=\"4\" width=\"188\"><h6>\u00a0<\/h6><h6>\u00a0<\/h6><h6 style=\"text-align: left;\"><span style=\"color: #63c1ff;\"><strong>\u00a0 \u00a0 \u00a0 \u00a0 \u00a0 \u00a0 \u00a0 \u00a0 \u00a0 \u00a0 \u00a0 \u00a0 \u00a0Operette<\/strong><\/span><\/h6><\/td><td rowspan=\"2\" width=\"188\"><h6>\u00a0<\/h6><h6><span style=\"color: #63c1ff;\"><strong>Candillo<\/strong><\/span><\/h6><\/td><td width=\"188\"><span style=\"color: #63c1ff;\"><strong>Cassini I<\/strong><\/span><\/td><\/tr><tr><td width=\"188\"><span style=\"color: #63c1ff;\"><strong>\u00a0 \u00a0Desy<\/strong><\/span><\/td><\/tr><tr><td rowspan=\"2\" width=\"188\"><p><span style=\"color: #63c1ff;\"><strong>\u00a0 \u00a0<\/strong><\/span><\/p><p><span style=\"color: #63c1ff;\"><strong>Adele<\/strong><\/span><\/p><\/td><td width=\"188\"><span style=\"color: #63c1ff;\"><strong>Aloube Z HAN<\/strong><\/span><\/td><\/tr><tr><td width=\"188\"><span style=\"color: #63c1ff;\"><strong>\u00a0 \u00a0Una Corda <\/strong><\/span><\/td><\/tr><\/tbody><\/table>\t\t\t\t\t\t<\/div>\n\t\t\t\t<\/div>\n\t\t\t\t<div class=\"elementor-element elementor-element-40efe8a elementor-widget elementor-widget-spacer\" data-id=\"40efe8a\" data-element_type=\"widget\" data-widget_type=\"spacer.default\">\n\t\t\t\t<div class=\"elementor-widget-container\">\n\t\t\t\t\t<div class=\"elementor-spacer\">\n\t\t\t<div class=\"elementor-spacer-inner\"><\/div>\n\t\t<\/div>\n\t\t\t\t<\/div>\n\t\t\t\t<\/div>\n\t\t\t\t\t<\/div>\n\t\t<\/div>\n\t\t\t\t\t<\/div>\n\t\t<\/section>\n\t\t\t\t<section class=\"elementor-section elementor-top-section elementor-element elementor-element-a296857 elementor-section-height-full elementor-section-boxed elementor-section-height-default elementor-section-items-middle\" data-id=\"a296857\" data-element_type=\"section\">\n\t\t\t\t\t\t<div class=\"elementor-container elementor-column-gap-default\">\n\t\t\t\t\t<div class=\"elementor-column elementor-col-100 elementor-top-column elementor-element elementor-element-8bafac3\" data-id=\"8bafac3\" data-element_type=\"column\">\n\t\t\t<div class=\"elementor-widget-wrap elementor-element-populated\">\n\t\t\t\t\t\t<div class=\"elementor-element elementor-element-7525651 elementor-widget elementor-widget-video\" data-id=\"7525651\" data-element_type=\"widget\" data-settings=\"{&quot;youtube_url&quot;:&quot;https:\\\/\\\/www.youtube.com\\\/watch?v=VD2btvVMgec&quot;,&quot;video_type&quot;:&quot;youtube&quot;,&quot;controls&quot;:&quot;yes&quot;}\" data-widget_type=\"video.default\">\n\t\t\t\t<div class=\"elementor-widget-container\">\n\t\t\t\t\t<div class=\"elementor-wrapper elementor-open-inline\">\n\t\t\t<div class=\"elementor-video\"><\/div>\t\t<\/div>\n\t\t\t\t<\/div>\n\t\t\t\t<\/div>\n\t\t\t\t\t<\/div>\n\t\t<\/div>\n\t\t\t\t\t<\/div>\n\t\t<\/section>\n\t\t\t\t<section class=\"elementor-section elementor-top-section elementor-element elementor-element-464dd9e elementor-section-boxed elementor-section-height-default elementor-section-height-default\" data-id=\"464dd9e\" data-element_type=\"section\">\n\t\t\t\t\t\t<div class=\"elementor-container elementor-column-gap-default\">\n\t\t\t\t\t<div class=\"elementor-column elementor-col-100 elementor-top-column elementor-element elementor-element-46e98e4\" data-id=\"46e98e4\" data-element_type=\"column\">\n\t\t\t<div class=\"elementor-widget-wrap elementor-element-populated\">\n\t\t\t\t\t\t<div class=\"elementor-element elementor-element-9c28973 elementor-widget elementor-widget-image\" data-id=\"9c28973\" data-element_type=\"widget\" data-widget_type=\"image.default\">\n\t\t\t\t<div class=\"elementor-widget-container\">\n\t\t\t\t\t\t\t\t\t\t\t\t\t<img decoding=\"async\" width=\"150\" height=\"150\" src=\"https:\/\/spanishjumpinghorses.com\/wp-content\/uploads\/2019\/08\/caballo-saltando-gris-150x150.jpg\" class=\"attachment-thumbnail size-thumbnail wp-image-421\" alt=\"\" srcset=\"https:\/\/spanishjumpinghorses.com\/wp-content\/uploads\/2019\/08\/caballo-saltando-gris-150x150.jpg 150w, https:\/\/spanishjumpinghorses.com\/wp-content\/uploads\/2019\/08\/caballo-saltando-gris-300x300.jpg 300w, https:\/\/spanishjumpinghorses.com\/wp-content\/uploads\/2019\/08\/caballo-saltando-gris-768x768.jpg 768w, https:\/\/spanishjumpinghorses.com\/wp-content\/uploads\/2019\/08\/caballo-saltando-gris.jpg 981w\" sizes=\"(max-width: 150px) 100vw, 150px\" \/>\t\t\t\t\t\t\t\t\t\t\t\t\t<\/div>\n\t\t\t\t<\/div>\n\t\t\t\t\t<\/div>\n\t\t<\/div>\n\t\t\t\t\t<\/div>\n\t\t<\/section>\n\t\t\t\t<\/div>\n\t\t","protected":false},"excerpt":{"rendered":"<p>CRACK C Cornet Obolensky \u2014 Candillo DESCRIPCI\u00d3N DE CRACK C Con varios puestos en Copas del Mundo, Copas de Naciones y despu\u00e9s de haber coronado su carrera con el oro del equipo en el Campeonato de Europa en 2011, Cornet Obolensky es considerado uno de los caballos de m\u00e1s alto nivel internacional de su tiempo [&hellip;]<\/p>\n","protected":false},"author":1,"featured_media":0,"parent":0,"menu_order":0,"comment_status":"closed","ping_status":"closed","template":"","meta":{"ocean_post_layout":"full-screen","ocean_both_sidebars_style":"","ocean_both_sidebars_content_width":0,"ocean_both_sidebars_sidebars_width":0,"ocean_sidebar":"0","ocean_second_sidebar":"0","ocean_disable_margins":"enable","ocean_add_body_class":"","ocean_shortcode_before_top_bar":"","ocean_shortcode_after_top_bar":"","ocean_shortcode_before_header":"","ocean_shortcode_after_header":"","ocean_has_shortcode":"","ocean_shortcode_after_title":"","ocean_shortcode_before_footer_widgets":"","ocean_shortcode_after_footer_widgets":"","ocean_shortcode_before_footer_bottom":"","ocean_shortcode_after_footer_bottom":"","ocean_display_top_bar":"default","ocean_display_header":"default","ocean_header_style":"","ocean_center_header_left_menu":"0","ocean_custom_header_template":"0","ocean_custom_logo":0,"ocean_custom_retina_logo":0,"ocean_custom_logo_max_width":0,"ocean_custom_logo_tablet_max_width":0,"ocean_custom_logo_mobile_max_width":0,"ocean_custom_logo_max_height":0,"ocean_custom_logo_tablet_max_height":0,"ocean_custom_logo_mobile_max_height":0,"ocean_header_custom_menu":"0","ocean_menu_typo_font_family":"0","ocean_menu_typo_font_subset":"","ocean_menu_typo_font_size":0,"ocean_menu_typo_font_size_tablet":0,"ocean_menu_typo_font_size_mobile":0,"ocean_menu_typo_font_size_unit":"px","ocean_menu_typo_font_weight":"","ocean_menu_typo_font_weight_tablet":"","ocean_menu_typo_font_weight_mobile":"","ocean_menu_typo_transform":"","ocean_menu_typo_transform_tablet":"","ocean_menu_typo_transform_mobile":"","ocean_menu_typo_line_height":0,"ocean_menu_typo_line_height_tablet":0,"ocean_menu_typo_line_height_mobile":0,"ocean_menu_typo_line_height_unit":"","ocean_menu_typo_spacing":0,"ocean_menu_typo_spacing_tablet":0,"ocean_menu_typo_spacing_mobile":0,"ocean_menu_typo_spacing_unit":"","ocean_menu_link_color":"","ocean_menu_link_color_hover":"","ocean_menu_link_color_active":"","ocean_menu_link_background":"","ocean_menu_link_hover_background":"","ocean_menu_link_active_background":"","ocean_menu_social_links_bg":"","ocean_menu_social_hover_links_bg":"","ocean_menu_social_links_color":"","ocean_menu_social_hover_links_color":"","ocean_disable_title":"on","ocean_disable_heading":"default","ocean_post_title":"","ocean_post_subheading":"","ocean_post_title_style":"","ocean_post_title_background_color":"","ocean_post_title_background":0,"ocean_post_title_bg_image_position":"","ocean_post_title_bg_image_attachment":"","ocean_post_title_bg_image_repeat":"","ocean_post_title_bg_image_size":"","ocean_post_title_height":0,"ocean_post_title_bg_overlay":0.5,"ocean_post_title_bg_overlay_color":"","ocean_disable_breadcrumbs":"default","ocean_breadcrumbs_color":"","ocean_breadcrumbs_separator_color":"","ocean_breadcrumbs_links_color":"","ocean_breadcrumbs_links_hover_color":"","ocean_display_footer_widgets":"off","ocean_display_footer_bottom":"default","ocean_custom_footer_template":"0","footnotes":""},"class_list":["post-920","page","type-page","status-publish","hentry","entry"],"_links":{"self":[{"href":"https:\/\/spanishjumpinghorses.com\/index.php\/wp-json\/wp\/v2\/pages\/920","targetHints":{"allow":["GET"]}}],"collection":[{"href":"https:\/\/spanishjumpinghorses.com\/index.php\/wp-json\/wp\/v2\/pages"}],"about":[{"href":"https:\/\/spanishjumpinghorses.com\/index.php\/wp-json\/wp\/v2\/types\/page"}],"author":[{"embeddable":true,"href":"https:\/\/spanishjumpinghorses.com\/index.php\/wp-json\/wp\/v2\/users\/1"}],"replies":[{"embeddable":true,"href":"https:\/\/spanishjumpinghorses.com\/index.php\/wp-json\/wp\/v2\/comments?post=920"}],"version-history":[{"count":12,"href":"https:\/\/spanishjumpinghorses.com\/index.php\/wp-json\/wp\/v2\/pages\/920\/revisions"}],"predecessor-version":[{"id":1110,"href":"https:\/\/spanishjumpinghorses.com\/index.php\/wp-json\/wp\/v2\/pages\/920\/revisions\/1110"}],"wp:attachment":[{"href":"https:\/\/spanishjumpinghorses.com\/index.php\/wp-json\/wp\/v2\/media?parent=920"}],"curies":[{"name":"wp","href":"https:\/\/api.w.org\/{rel}","templated":true}]}}