{"id":849,"date":"2019-08-12T13:00:43","date_gmt":"2019-08-12T11:00:43","guid":{"rendered":"https:\/\/spanishjumpinghorses.com\/?page_id=849"},"modified":"2019-08-16T09:03:08","modified_gmt":"2019-08-16T07:03:08","slug":"heartbreaker-2","status":"publish","type":"page","link":"https:\/\/spanishjumpinghorses.com\/index.php\/heartbreaker-2\/","title":{"rendered":"Heartbreaker"},"content":{"rendered":"\t\t<div data-elementor-type=\"wp-post\" data-elementor-id=\"849\" class=\"elementor elementor-849\">\n\t\t\t\t\t\t<section class=\"elementor-section elementor-top-section elementor-element elementor-element-ab4b679 elementor-section-boxed elementor-section-height-default elementor-section-height-default\" data-id=\"ab4b679\" data-element_type=\"section\">\n\t\t\t\t\t\t<div class=\"elementor-container elementor-column-gap-default\">\n\t\t\t\t\t<div class=\"elementor-column elementor-col-100 elementor-top-column elementor-element elementor-element-dda9b98\" data-id=\"dda9b98\" data-element_type=\"column\">\n\t\t\t<div class=\"elementor-widget-wrap elementor-element-populated\">\n\t\t\t\t\t\t<div class=\"elementor-element elementor-element-81bdfdf elementor-widget elementor-widget-heading\" data-id=\"81bdfdf\" data-element_type=\"widget\" data-widget_type=\"heading.default\">\n\t\t\t\t<div class=\"elementor-widget-container\">\n\t\t\t<h2 class=\"elementor-heading-title elementor-size-default\">HEARTBREAKER<\/h2>\t\t<\/div>\n\t\t\t\t<\/div>\n\t\t\t\t<div class=\"elementor-element elementor-element-e456cf0 elementor-widget elementor-widget-text-editor\" data-id=\"e456cf0\" data-element_type=\"widget\" data-widget_type=\"text-editor.default\">\n\t\t\t\t<div class=\"elementor-widget-container\">\n\t\t\t\t\t\t\t<p>Nimmerdor \u2014 Silvano<\/p>\t\t\t\t\t\t<\/div>\n\t\t\t\t<\/div>\n\t\t\t\t<div class=\"elementor-element elementor-element-bba89f9 elementor-arrows-position-inside elementor-pagination-position-outside elementor-widget elementor-widget-image-carousel\" data-id=\"bba89f9\" data-element_type=\"widget\" data-settings=\"{&quot;slides_to_show&quot;:&quot;1&quot;,&quot;autoplay_speed&quot;:4990,&quot;effect&quot;:&quot;fade&quot;,&quot;navigation&quot;:&quot;both&quot;,&quot;autoplay&quot;:&quot;yes&quot;,&quot;pause_on_hover&quot;:&quot;yes&quot;,&quot;pause_on_interaction&quot;:&quot;yes&quot;,&quot;infinite&quot;:&quot;yes&quot;,&quot;speed&quot;:500}\" data-widget_type=\"image-carousel.default\">\n\t\t\t\t<div class=\"elementor-widget-container\">\n\t\t\t\t\t<div class=\"elementor-image-carousel-wrapper swiper\" dir=\"ltr\">\n\t\t\t<div class=\"elementor-image-carousel swiper-wrapper\" aria-live=\"off\">\n\t\t\t\t\t\t\t\t<div class=\"swiper-slide\" role=\"group\" aria-roledescription=\"slide\" aria-label=\"1 de 4\"><figure class=\"swiper-slide-inner\"><img decoding=\"async\" class=\"swiper-slide-image\" src=\"https:\/\/spanishjumpinghorses.com\/wp-content\/uploads\/2019\/08\/Heartbreaker.jpg\" alt=\"Heartbreaker\" \/><\/figure><\/div><div class=\"swiper-slide\" role=\"group\" aria-roledescription=\"slide\" aria-label=\"2 de 4\"><figure class=\"swiper-slide-inner\"><img decoding=\"async\" class=\"swiper-slide-image\" src=\"https:\/\/spanishjumpinghorses.com\/wp-content\/uploads\/2019\/08\/Heartbreaker2.jpg\" alt=\"Heartbreaker\" \/><\/figure><\/div><div class=\"swiper-slide\" role=\"group\" aria-roledescription=\"slide\" aria-label=\"3 de 4\"><figure class=\"swiper-slide-inner\"><img decoding=\"async\" class=\"swiper-slide-image\" src=\"https:\/\/spanishjumpinghorses.com\/wp-content\/uploads\/2019\/08\/Heartbreaker-ok.jpg\" alt=\"Heartbreaker\" \/><\/figure><\/div><div class=\"swiper-slide\" role=\"group\" aria-roledescription=\"slide\" aria-label=\"4 de 4\"><figure class=\"swiper-slide-inner\"><img decoding=\"async\" class=\"swiper-slide-image\" src=\"https:\/\/spanishjumpinghorses.com\/wp-content\/uploads\/2019\/08\/Heartbraker-okok.jpg\" alt=\"Heartbraker\" \/><\/figure><\/div>\t\t\t<\/div>\n\t\t\t\t\t\t\t\t\t\t\t\t<div class=\"elementor-swiper-button elementor-swiper-button-prev\" role=\"button\" tabindex=\"0\">\n\t\t\t\t\t\t<i aria-hidden=\"true\" class=\"eicon-chevron-left\"><\/i>\t\t\t\t\t<\/div>\n\t\t\t\t\t<div class=\"elementor-swiper-button elementor-swiper-button-next\" role=\"button\" tabindex=\"0\">\n\t\t\t\t\t\t<i aria-hidden=\"true\" class=\"eicon-chevron-right\"><\/i>\t\t\t\t\t<\/div>\n\t\t\t\t\n\t\t\t\t\t\t\t\t\t<div class=\"swiper-pagination\"><\/div>\n\t\t\t\t\t\t\t\t\t<\/div>\n\t\t\t\t<\/div>\n\t\t\t\t<\/div>\n\t\t\t\t\t<\/div>\n\t\t<\/div>\n\t\t\t\t\t<\/div>\n\t\t<\/section>\n\t\t\t\t<section class=\"elementor-section elementor-top-section elementor-element elementor-element-0a51db3 elementor-section-boxed elementor-section-height-default elementor-section-height-default\" data-id=\"0a51db3\" data-element_type=\"section\">\n\t\t\t\t\t\t<div class=\"elementor-container elementor-column-gap-default\">\n\t\t\t\t\t<div class=\"elementor-column elementor-col-100 elementor-top-column elementor-element elementor-element-722865a\" data-id=\"722865a\" data-element_type=\"column\">\n\t\t\t<div class=\"elementor-widget-wrap elementor-element-populated\">\n\t\t\t\t\t\t<div class=\"elementor-element elementor-element-55fcb8c elementor-widget elementor-widget-heading\" data-id=\"55fcb8c\" data-element_type=\"widget\" data-widget_type=\"heading.default\">\n\t\t\t\t<div class=\"elementor-widget-container\">\n\t\t\t<h2 class=\"elementor-heading-title elementor-size-default\">DESCRIPCI\u00d3N DE HEARTBREAKER<\/h2>\t\t<\/div>\n\t\t\t\t<\/div>\n\t\t\t\t<div class=\"elementor-element elementor-element-088d105 elementor-widget-divider--view-line elementor-widget elementor-widget-divider\" data-id=\"088d105\" data-element_type=\"widget\" data-widget_type=\"divider.default\">\n\t\t\t\t<div class=\"elementor-widget-container\">\n\t\t\t\t\t<div class=\"elementor-divider\">\n\t\t\t<span class=\"elementor-divider-separator\">\n\t\t\t\t\t\t<\/span>\n\t\t<\/div>\n\t\t\t\t<\/div>\n\t\t\t\t<\/div>\n\t\t\t\t<div class=\"elementor-element elementor-element-8db7ee3 elementor-widget elementor-widget-text-editor\" data-id=\"8db7ee3\" data-element_type=\"widget\" data-widget_type=\"text-editor.default\">\n\t\t\t\t<div class=\"elementor-widget-container\">\n\t\t\t\t\t\t\t<p style=\"text-align: justify;\">Heartbreaker fue coronado \u00abCaballo del A\u00f1o KWPN\u00bb en 2016. Ya fue declarado \u00abPreferente\u00bb en 2009 debido a su exitosa descendencia en el \u00e1mbito internacional. El mismo Heartbreaker tuvo \u00e9xito en numerosos Grandes Premios con Peter Geerink y se coloc\u00f3 en el n\u00famero 12 en el ranking WBFSH 2016 para sementales de salto. Su influencia en la cr\u00eda mundial es enorme. En el KWPN-studbook ya tiene 10 hijos aprobados y 19 nietos aprobados. Muchos de sus descendientes compiten al m\u00e1s alto nivel. Uno de los mejores de esta temporada fue el Romanov II de Bertram Allen, quien gan\u00f3 cuatro Grandes Premios \u2019(Burdeos, Dortmund, La Baule y Paris). Tambi\u00e9n su descendencia VDL Groep Zidane, montada por Leopold van Asten, y los sementales aprobados Cidane, Toulon, Zambesi y Actionbreaker lo est\u00e1n haciendo muy bien. Heartbreaker es tambi\u00e9n el abuelo del campe\u00f3n mundial Earley. Sus nietos Hello Sanctos y Admara est\u00e1n a la cabeza en el WBFSH-Rankings 2016.<\/p>\t\t\t\t\t\t<\/div>\n\t\t\t\t<\/div>\n\t\t\t\t\t<\/div>\n\t\t<\/div>\n\t\t\t\t\t<\/div>\n\t\t<\/section>\n\t\t\t\t<section class=\"elementor-section elementor-top-section elementor-element elementor-element-c2ada90 elementor-section-boxed elementor-section-height-default elementor-section-height-default\" data-id=\"c2ada90\" data-element_type=\"section\">\n\t\t\t\t\t\t<div class=\"elementor-container elementor-column-gap-default\">\n\t\t\t\t\t<div class=\"elementor-column elementor-col-100 elementor-top-column elementor-element elementor-element-f802f30\" data-id=\"f802f30\" data-element_type=\"column\">\n\t\t\t<div class=\"elementor-widget-wrap\">\n\t\t\t\t\t\t\t<\/div>\n\t\t<\/div>\n\t\t\t\t\t<\/div>\n\t\t<\/section>\n\t\t\t\t<section class=\"elementor-section elementor-top-section elementor-element elementor-element-b6b6c60 elementor-section-boxed elementor-section-height-default elementor-section-height-default\" data-id=\"b6b6c60\" data-element_type=\"section\" data-settings=\"{&quot;background_background&quot;:&quot;classic&quot;,&quot;shape_divider_bottom&quot;:&quot;opacity-tilt&quot;}\">\n\t\t\t\t\t<div class=\"elementor-shape elementor-shape-bottom\" data-negative=\"false\">\n\t\t\t<svg xmlns=\"http:\/\/www.w3.org\/2000\/svg\" viewBox=\"0 0 2600 131.1\" preserveAspectRatio=\"none\">\n\t<path class=\"elementor-shape-fill\" d=\"M0 0L2600 0 2600 69.1 0 0z\"\/>\n\t<path class=\"elementor-shape-fill\" style=\"opacity:0.5\" d=\"M0 0L2600 0 2600 69.1 0 69.1z\"\/>\n\t<path class=\"elementor-shape-fill\" style=\"opacity:0.25\" d=\"M2600 0L0 0 0 130.1 2600 69.1z\"\/>\n<\/svg>\t\t<\/div>\n\t\t\t\t\t<div class=\"elementor-container elementor-column-gap-default\">\n\t\t\t\t\t<div class=\"elementor-column elementor-col-100 elementor-top-column elementor-element elementor-element-75871d1\" data-id=\"75871d1\" data-element_type=\"column\">\n\t\t\t<div class=\"elementor-widget-wrap elementor-element-populated\">\n\t\t\t\t\t\t<div class=\"elementor-element elementor-element-3016f7e elementor-widget elementor-widget-text-editor\" data-id=\"3016f7e\" data-element_type=\"widget\" data-widget_type=\"text-editor.default\">\n\t\t\t\t<div class=\"elementor-widget-container\">\n\t\t\t\t\t\t\t<table><tbody><tr><td style=\"text-align: left;\" rowspan=\"4\" width=\"188\"><p><span style=\"color: #63c1ff;\"><strong>\u00a0 \u00a0 \u00a0 \u00a0 \u00a0 <\/strong><\/span><\/p><h6><span style=\"color: #63c1ff;\"><strong>\u00a0 \u00a0 \u00a0 \u00a0 \u00a0 <\/strong><\/span><\/h6><h6><span style=\"color: #63c1ff;\"><strong>\u00a0 \u00a0 \u00a0 \u00a0 \u00a0 \u00a0 \u00a0 \u00a0 \u00a0 \u00a0 \u00a0 \u00a0 Nimmerdor<\/strong><\/span><\/h6><\/td><td rowspan=\"2\" width=\"188\"><h6>\u00a0<\/h6><h6><span style=\"color: #63c1ff;\"><strong>Farn<\/strong><\/span><\/h6><\/td><td width=\"188\"><span style=\"color: #63c1ff;\"><strong>Fax I<\/strong><\/span><\/td><\/tr><tr><td width=\"188\"><span style=\"color: #63c1ff;\"><strong>\u00a0 \u00a0Dorette<\/strong><\/span><\/td><\/tr><tr><td rowspan=\"2\" width=\"188\"><h6>\u00a0<\/h6><p><span style=\"color: #63c1ff;\"><strong>\u00a0 \u00a0 <\/strong><strong>Ramonaa<\/strong><\/span><\/p><\/td><td width=\"188\"><span style=\"color: #63c1ff;\"><strong>Koridon XX<\/strong><\/span><\/td><\/tr><tr><td width=\"188\"><span style=\"color: #63c1ff;\"><strong>\u00a0 \u00a0Friedhilde II<\/strong><\/span><\/td><\/tr><tr><td style=\"text-align: center;\" rowspan=\"4\" width=\"188\"><h6>\u00a0<\/h6><h6>\u00a0<\/h6><h6 style=\"text-align: left;\"><span style=\"color: #63c1ff;\"><strong>\u00a0 \u00a0 \u00a0 \u00a0 \u00a0 \u00a0 \u00a0 \u00a0 \u00a0 \u00a0 \u00a0 \u00a0 \u00a0Bacarole<\/strong><\/span><\/h6><\/td><td rowspan=\"2\" width=\"188\"><h6>\u00a0<\/h6><h6><span style=\"color: #63c1ff;\"><strong>Silvano<\/strong><\/span><\/h6><\/td><td width=\"188\"><span style=\"color: #63c1ff;\"><strong>Le Mexico<\/strong><\/span><\/td><\/tr><tr><td width=\"188\"><span style=\"color: #63c1ff;\"><strong>\u00a0 \u00a0Marion<\/strong><\/span><\/td><\/tr><tr><td rowspan=\"2\" width=\"188\"><p><span style=\"color: #63c1ff;\"><strong>\u00a0 \u00a0<\/strong><\/span><\/p><p><span style=\"color: #63c1ff;\"><strong>\u00a0 \u00a0Orchidee<\/strong><\/span><\/p><\/td><td width=\"188\"><span style=\"color: #63c1ff;\"><strong>Uppercut XX<\/strong><\/span><\/td><\/tr><tr><td width=\"188\"><span style=\"color: #63c1ff;\"><strong>\u00a0 \u00a0Cleopatra<\/strong><\/span><\/td><\/tr><\/tbody><\/table>\t\t\t\t\t\t<\/div>\n\t\t\t\t<\/div>\n\t\t\t\t<div class=\"elementor-element elementor-element-5786424 elementor-widget elementor-widget-spacer\" data-id=\"5786424\" data-element_type=\"widget\" data-widget_type=\"spacer.default\">\n\t\t\t\t<div class=\"elementor-widget-container\">\n\t\t\t\t\t<div class=\"elementor-spacer\">\n\t\t\t<div class=\"elementor-spacer-inner\"><\/div>\n\t\t<\/div>\n\t\t\t\t<\/div>\n\t\t\t\t<\/div>\n\t\t\t\t\t<\/div>\n\t\t<\/div>\n\t\t\t\t\t<\/div>\n\t\t<\/section>\n\t\t\t\t<section class=\"elementor-section elementor-top-section elementor-element elementor-element-c04c777 elementor-section-height-min-height elementor-section-boxed elementor-section-height-default elementor-section-items-middle\" data-id=\"c04c777\" data-element_type=\"section\">\n\t\t\t\t\t\t<div class=\"elementor-container elementor-column-gap-default\">\n\t\t\t\t\t<div class=\"elementor-column elementor-col-100 elementor-top-column elementor-element elementor-element-6e61239\" data-id=\"6e61239\" data-element_type=\"column\">\n\t\t\t<div class=\"elementor-widget-wrap elementor-element-populated\">\n\t\t\t\t\t\t<div class=\"elementor-element elementor-element-59991b3 elementor-widget elementor-widget-video\" data-id=\"59991b3\" data-element_type=\"widget\" data-settings=\"{&quot;youtube_url&quot;:&quot;https:\\\/\\\/www.youtube.com\\\/watch?v=X5ueFWST4u8&quot;,&quot;video_type&quot;:&quot;youtube&quot;,&quot;controls&quot;:&quot;yes&quot;}\" data-widget_type=\"video.default\">\n\t\t\t\t<div class=\"elementor-widget-container\">\n\t\t\t\t\t<div class=\"elementor-wrapper elementor-open-inline\">\n\t\t\t<div class=\"elementor-video\"><\/div>\t\t<\/div>\n\t\t\t\t<\/div>\n\t\t\t\t<\/div>\n\t\t\t\t\t<\/div>\n\t\t<\/div>\n\t\t\t\t\t<\/div>\n\t\t<\/section>\n\t\t\t\t<section class=\"elementor-section elementor-top-section elementor-element elementor-element-bae6a7a elementor-section-boxed elementor-section-height-default elementor-section-height-default\" data-id=\"bae6a7a\" data-element_type=\"section\" data-settings=\"{&quot;background_background&quot;:&quot;classic&quot;}\">\n\t\t\t\t\t\t\t<div class=\"elementor-background-overlay\"><\/div>\n\t\t\t\t\t\t\t<div class=\"elementor-container elementor-column-gap-default\">\n\t\t\t\t\t<div class=\"elementor-column elementor-col-100 elementor-top-column elementor-element elementor-element-4916194\" data-id=\"4916194\" data-element_type=\"column\" data-settings=\"{&quot;background_background&quot;:&quot;classic&quot;}\">\n\t\t\t<div class=\"elementor-widget-wrap elementor-element-populated\">\n\t\t\t\t\t\t<div class=\"elementor-element elementor-element-75e8d10 elementor-widget elementor-widget-heading\" data-id=\"75e8d10\" data-element_type=\"widget\" data-widget_type=\"heading.default\">\n\t\t\t\t<div class=\"elementor-widget-container\">\n\t\t\t<h2 class=\"elementor-heading-title elementor-size-default\">CONT\u00c1CTANOS<\/h2>\t\t<\/div>\n\t\t\t\t<\/div>\n\t\t\t\t<section class=\"elementor-section elementor-inner-section elementor-element elementor-element-d67fffd elementor-section-boxed elementor-section-height-default elementor-section-height-default\" data-id=\"d67fffd\" data-element_type=\"section\">\n\t\t\t\t\t\t<div class=\"elementor-container elementor-column-gap-default\">\n\t\t\t\t\t<div class=\"elementor-column elementor-col-33 elementor-inner-column elementor-element elementor-element-d2b3b6e\" data-id=\"d2b3b6e\" data-element_type=\"column\">\n\t\t\t<div class=\"elementor-widget-wrap elementor-element-populated\">\n\t\t\t\t\t\t<div class=\"elementor-element elementor-element-7f8d44f elementor-view-default elementor-widget elementor-widget-icon\" data-id=\"7f8d44f\" data-element_type=\"widget\" data-widget_type=\"icon.default\">\n\t\t\t\t<div class=\"elementor-widget-container\">\n\t\t\t\t\t<div class=\"elementor-icon-wrapper\">\n\t\t\t<div class=\"elementor-icon\">\n\t\t\t<i aria-hidden=\"true\" class=\"fas fa-location-arrow\"><\/i>\t\t\t<\/div>\n\t\t<\/div>\n\t\t\t\t<\/div>\n\t\t\t\t<\/div>\n\t\t\t\t<div class=\"elementor-element elementor-element-0c34af4 elementor-widget elementor-widget-heading\" data-id=\"0c34af4\" data-element_type=\"widget\" data-widget_type=\"heading.default\">\n\t\t\t\t<div class=\"elementor-widget-container\">\n\t\t\t<h2 class=\"elementor-heading-title elementor-size-default\">UBICACI\u00d3N<\/h2>\t\t<\/div>\n\t\t\t\t<\/div>\n\t\t\t\t<div class=\"elementor-element elementor-element-fef4591 elementor-widget elementor-widget-text-editor\" data-id=\"fef4591\" data-element_type=\"widget\" data-widget_type=\"text-editor.default\">\n\t\t\t\t<div class=\"elementor-widget-container\">\n\t\t\t\t\t\t\t<div class=\"SALvLe farUxc mJ2Mod\"><div class=\"i4J0ge\"><div class=\"EfDVh mod\" lang=\"es-ES\" data-attrid=\"kc:\/location\/location:address\" data-md=\"1002\" data-hveid=\"CBAQAQ\" data-ved=\"2ahUKEwi48ND9uuTjAhWyDGMBHXqEAA0QkCkwGXoECBAQAQ\"><div class=\"Z1hOCe\"><div class=\"zloOqf kno-fb-ctx PZPZlf\" data-dtype=\"d3ifr\" data-local-attribute=\"d3adr\" data-ved=\"2ahUKEwi48ND9uuTjAhWyDGMBHXqEAA0QghwoADAZegQIEBAC\"><p style=\"text-align: center;\"><span class=\"LrzXr\">Finca dehesa salinas s\/n Canal bajo, Calle Alberche, km 6, 45638 Pepino, Toledo<\/span><\/p><div class=\"GDRHkb r-isjrPdLCzxVQ\">\u00a0<\/div><div class=\"GDRHkb r-ihB__f8DPqBY\">\u00a0<\/div><\/div><\/div><\/div><\/div><\/div><div class=\"mod\" lang=\"es-ES\" data-attrid=\"kc:\/collection\/knowledge_panels\/has_phone:phone\" data-md=\"1006\" data-hveid=\"CBQQAA\" data-ved=\"2ahUKEwi48ND9uuTjAhWyDGMBHXqEAA0QkCkwG3oECBQQAA\"><div class=\"Z1hOCe\">\u00a0<\/div><\/div>\t\t\t\t\t\t<\/div>\n\t\t\t\t<\/div>\n\t\t\t\t\t<\/div>\n\t\t<\/div>\n\t\t\t\t<div class=\"elementor-column elementor-col-33 elementor-inner-column elementor-element elementor-element-5da2855\" data-id=\"5da2855\" data-element_type=\"column\">\n\t\t\t<div class=\"elementor-widget-wrap elementor-element-populated\">\n\t\t\t\t\t\t<div class=\"elementor-element elementor-element-9085e26 elementor-view-default elementor-widget elementor-widget-icon\" data-id=\"9085e26\" data-element_type=\"widget\" data-widget_type=\"icon.default\">\n\t\t\t\t<div class=\"elementor-widget-container\">\n\t\t\t\t\t<div class=\"elementor-icon-wrapper\">\n\t\t\t<div class=\"elementor-icon\">\n\t\t\t<i aria-hidden=\"true\" class=\"fas fa-phone-alt\"><\/i>\t\t\t<\/div>\n\t\t<\/div>\n\t\t\t\t<\/div>\n\t\t\t\t<\/div>\n\t\t\t\t<div class=\"elementor-element elementor-element-17617bb elementor-widget elementor-widget-heading\" data-id=\"17617bb\" data-element_type=\"widget\" data-widget_type=\"heading.default\">\n\t\t\t\t<div class=\"elementor-widget-container\">\n\t\t\t<h2 class=\"elementor-heading-title elementor-size-default\">TE\u00c9FONO<\/h2>\t\t<\/div>\n\t\t\t\t<\/div>\n\t\t\t\t<div class=\"elementor-element elementor-element-6fc369d elementor-widget elementor-widget-text-editor\" data-id=\"6fc369d\" data-element_type=\"widget\" data-widget_type=\"text-editor.default\">\n\t\t\t\t<div class=\"elementor-widget-container\">\n\t\t\t\t\t\t\t<p><span style=\"font-family: Roboto, sans-serif; font-size: 16px; font-style: normal; font-variant-ligatures: normal; font-variant-caps: normal; font-weight: 400; color: #ffffff;\">+34 629180538<\/span><\/p><p><span style=\"font-family: Roboto, sans-serif; font-size: 16px; font-style: normal; font-variant-ligatures: normal; font-variant-caps: normal; font-weight: 400; color: #ffffff;\">+34 687991103<\/span><\/p>\t\t\t\t\t\t<\/div>\n\t\t\t\t<\/div>\n\t\t\t\t\t<\/div>\n\t\t<\/div>\n\t\t\t\t<div class=\"elementor-column elementor-col-33 elementor-inner-column elementor-element elementor-element-44adc02\" data-id=\"44adc02\" data-element_type=\"column\">\n\t\t\t<div class=\"elementor-widget-wrap elementor-element-populated\">\n\t\t\t\t\t\t<div class=\"elementor-element elementor-element-b716617 elementor-view-default elementor-widget elementor-widget-icon\" data-id=\"b716617\" data-element_type=\"widget\" data-widget_type=\"icon.default\">\n\t\t\t\t<div class=\"elementor-widget-container\">\n\t\t\t\t\t<div class=\"elementor-icon-wrapper\">\n\t\t\t<div class=\"elementor-icon\">\n\t\t\t<i aria-hidden=\"true\" class=\"fas fa-mail-bulk\"><\/i>\t\t\t<\/div>\n\t\t<\/div>\n\t\t\t\t<\/div>\n\t\t\t\t<\/div>\n\t\t\t\t<div class=\"elementor-element elementor-element-b040ac8 elementor-widget elementor-widget-heading\" data-id=\"b040ac8\" data-element_type=\"widget\" data-widget_type=\"heading.default\">\n\t\t\t\t<div class=\"elementor-widget-container\">\n\t\t\t<h2 class=\"elementor-heading-title elementor-size-default\">EMAIL<\/h2>\t\t<\/div>\n\t\t\t\t<\/div>\n\t\t\t\t<div class=\"elementor-element elementor-element-aa2ab75 elementor-widget elementor-widget-text-editor\" data-id=\"aa2ab75\" data-element_type=\"widget\" data-widget_type=\"text-editor.default\">\n\t\t\t\t<div class=\"elementor-widget-container\">\n\t\t\t\t\t\t\t<p style=\"text-align: center;\">spanishjumpinghorses@gmail.com<\/p>\t\t\t\t\t\t<\/div>\n\t\t\t\t<\/div>\n\t\t\t\t\t<\/div>\n\t\t<\/div>\n\t\t\t\t\t<\/div>\n\t\t<\/section>\n\t\t\t\t\t<\/div>\n\t\t<\/div>\n\t\t\t\t\t<\/div>\n\t\t<\/section>\n\t\t\t\t<section class=\"elementor-section elementor-top-section elementor-element elementor-element-e9a9fee elementor-section-boxed elementor-section-height-default elementor-section-height-default\" data-id=\"e9a9fee\" data-element_type=\"section\">\n\t\t\t\t\t\t<div class=\"elementor-container elementor-column-gap-default\">\n\t\t\t\t\t<div class=\"elementor-column elementor-col-100 elementor-top-column elementor-element elementor-element-3f12307\" data-id=\"3f12307\" data-element_type=\"column\">\n\t\t\t<div class=\"elementor-widget-wrap elementor-element-populated\">\n\t\t\t\t\t\t<div class=\"elementor-element elementor-element-4cbdeb3 elementor-widget elementor-widget-image\" data-id=\"4cbdeb3\" data-element_type=\"widget\" data-widget_type=\"image.default\">\n\t\t\t\t<div class=\"elementor-widget-container\">\n\t\t\t\t\t\t\t\t\t\t\t\t\t<img decoding=\"async\" width=\"150\" height=\"150\" src=\"https:\/\/spanishjumpinghorses.com\/wp-content\/uploads\/2019\/08\/caballo-saltando-gris-150x150.jpg\" class=\"attachment-thumbnail size-thumbnail wp-image-421\" alt=\"\" srcset=\"https:\/\/spanishjumpinghorses.com\/wp-content\/uploads\/2019\/08\/caballo-saltando-gris-150x150.jpg 150w, https:\/\/spanishjumpinghorses.com\/wp-content\/uploads\/2019\/08\/caballo-saltando-gris-300x300.jpg 300w, https:\/\/spanishjumpinghorses.com\/wp-content\/uploads\/2019\/08\/caballo-saltando-gris-768x768.jpg 768w, https:\/\/spanishjumpinghorses.com\/wp-content\/uploads\/2019\/08\/caballo-saltando-gris.jpg 981w\" sizes=\"(max-width: 150px) 100vw, 150px\" \/>\t\t\t\t\t\t\t\t\t\t\t\t\t<\/div>\n\t\t\t\t<\/div>\n\t\t\t\t\t<\/div>\n\t\t<\/div>\n\t\t\t\t\t<\/div>\n\t\t<\/section>\n\t\t\t\t<\/div>\n\t\t","protected":false},"excerpt":{"rendered":"<p>HEARTBREAKER Nimmerdor \u2014 Silvano DESCRIPCI\u00d3N DE HEARTBREAKER Heartbreaker fue coronado \u00abCaballo del A\u00f1o KWPN\u00bb en 2016. Ya fue declarado \u00abPreferente\u00bb en 2009 debido a su exitosa descendencia en el \u00e1mbito internacional. El mismo Heartbreaker tuvo \u00e9xito en numerosos Grandes Premios con Peter Geerink y se coloc\u00f3 en el n\u00famero 12 en el ranking WBFSH 2016 [&hellip;]<\/p>\n","protected":false},"author":1,"featured_media":0,"parent":0,"menu_order":0,"comment_status":"closed","ping_status":"closed","template":"","meta":{"ocean_post_layout":"full-screen","ocean_both_sidebars_style":"","ocean_both_sidebars_content_width":0,"ocean_both_sidebars_sidebars_width":0,"ocean_sidebar":"0","ocean_second_sidebar":"0","ocean_disable_margins":"on","ocean_add_body_class":"","ocean_shortcode_before_top_bar":"","ocean_shortcode_after_top_bar":"","ocean_shortcode_before_header":"","ocean_shortcode_after_header":"","ocean_has_shortcode":"","ocean_shortcode_after_title":"","ocean_shortcode_before_footer_widgets":"","ocean_shortcode_after_footer_widgets":"","ocean_shortcode_before_footer_bottom":"","ocean_shortcode_after_footer_bottom":"","ocean_display_top_bar":"off","ocean_display_header":"default","ocean_header_style":"","ocean_center_header_left_menu":"0","ocean_custom_header_template":"0","ocean_custom_logo":0,"ocean_custom_retina_logo":0,"ocean_custom_logo_max_width":0,"ocean_custom_logo_tablet_max_width":0,"ocean_custom_logo_mobile_max_width":0,"ocean_custom_logo_max_height":0,"ocean_custom_logo_tablet_max_height":0,"ocean_custom_logo_mobile_max_height":0,"ocean_header_custom_menu":"0","ocean_menu_typo_font_family":"0","ocean_menu_typo_font_subset":"","ocean_menu_typo_font_size":0,"ocean_menu_typo_font_size_tablet":0,"ocean_menu_typo_font_size_mobile":0,"ocean_menu_typo_font_size_unit":"px","ocean_menu_typo_font_weight":"","ocean_menu_typo_font_weight_tablet":"","ocean_menu_typo_font_weight_mobile":"","ocean_menu_typo_transform":"","ocean_menu_typo_transform_tablet":"","ocean_menu_typo_transform_mobile":"","ocean_menu_typo_line_height":0,"ocean_menu_typo_line_height_tablet":0,"ocean_menu_typo_line_height_mobile":0,"ocean_menu_typo_line_height_unit":"","ocean_menu_typo_spacing":0,"ocean_menu_typo_spacing_tablet":0,"ocean_menu_typo_spacing_mobile":0,"ocean_menu_typo_spacing_unit":"","ocean_menu_link_color":"","ocean_menu_link_color_hover":"","ocean_menu_link_color_active":"","ocean_menu_link_background":"","ocean_menu_link_hover_background":"","ocean_menu_link_active_background":"","ocean_menu_social_links_bg":"","ocean_menu_social_hover_links_bg":"","ocean_menu_social_links_color":"","ocean_menu_social_hover_links_color":"","ocean_disable_title":"on","ocean_disable_heading":"default","ocean_post_title":"","ocean_post_subheading":"","ocean_post_title_style":"","ocean_post_title_background_color":"","ocean_post_title_background":0,"ocean_post_title_bg_image_position":"","ocean_post_title_bg_image_attachment":"","ocean_post_title_bg_image_repeat":"","ocean_post_title_bg_image_size":"","ocean_post_title_height":0,"ocean_post_title_bg_overlay":0.5,"ocean_post_title_bg_overlay_color":"","ocean_disable_breadcrumbs":"off","ocean_breadcrumbs_color":"","ocean_breadcrumbs_separator_color":"","ocean_breadcrumbs_links_color":"","ocean_breadcrumbs_links_hover_color":"","ocean_display_footer_widgets":"off","ocean_display_footer_bottom":"default","ocean_custom_footer_template":"0","footnotes":""},"class_list":["post-849","page","type-page","status-publish","hentry","entry"],"_links":{"self":[{"href":"https:\/\/spanishjumpinghorses.com\/index.php\/wp-json\/wp\/v2\/pages\/849","targetHints":{"allow":["GET"]}}],"collection":[{"href":"https:\/\/spanishjumpinghorses.com\/index.php\/wp-json\/wp\/v2\/pages"}],"about":[{"href":"https:\/\/spanishjumpinghorses.com\/index.php\/wp-json\/wp\/v2\/types\/page"}],"author":[{"embeddable":true,"href":"https:\/\/spanishjumpinghorses.com\/index.php\/wp-json\/wp\/v2\/users\/1"}],"replies":[{"embeddable":true,"href":"https:\/\/spanishjumpinghorses.com\/index.php\/wp-json\/wp\/v2\/comments?post=849"}],"version-history":[{"count":37,"href":"https:\/\/spanishjumpinghorses.com\/index.php\/wp-json\/wp\/v2\/pages\/849\/revisions"}],"predecessor-version":[{"id":1082,"href":"https:\/\/spanishjumpinghorses.com\/index.php\/wp-json\/wp\/v2\/pages\/849\/revisions\/1082"}],"wp:attachment":[{"href":"https:\/\/spanishjumpinghorses.com\/index.php\/wp-json\/wp\/v2\/media?parent=849"}],"curies":[{"name":"wp","href":"https:\/\/api.w.org\/{rel}","templated":true}]}}