{"id":1337,"date":"2020-06-24T17:28:55","date_gmt":"2020-06-24T15:28:55","guid":{"rendered":"https:\/\/spanishjumpinghorses.com\/?page_id=1337"},"modified":"2020-06-26T18:29:16","modified_gmt":"2020-06-26T16:29:16","slug":"cicero-z-3","status":"publish","type":"page","link":"https:\/\/spanishjumpinghorses.com\/index.php\/cicero-z-3\/","title":{"rendered":"Cicero Z"},"content":{"rendered":"\t\t<div data-elementor-type=\"wp-page\" data-elementor-id=\"1337\" class=\"elementor elementor-1337\">\n\t\t\t\t\t\t<section class=\"elementor-section elementor-top-section elementor-element elementor-element-d867b39 elementor-section-boxed elementor-section-height-default elementor-section-height-default\" data-id=\"d867b39\" data-element_type=\"section\">\n\t\t\t\t\t\t<div class=\"elementor-container elementor-column-gap-default\">\n\t\t\t\t\t<div class=\"elementor-column elementor-col-100 elementor-top-column elementor-element elementor-element-0ad51eb\" data-id=\"0ad51eb\" data-element_type=\"column\">\n\t\t\t<div class=\"elementor-widget-wrap elementor-element-populated\">\n\t\t\t\t\t\t<div class=\"elementor-element elementor-element-5134070 elementor-widget elementor-widget-heading\" data-id=\"5134070\" data-element_type=\"widget\" data-widget_type=\"heading.default\">\n\t\t\t\t<div class=\"elementor-widget-container\">\n\t\t\t<h2 class=\"elementor-heading-title elementor-size-default\">CICERO Z<\/h2>\t\t<\/div>\n\t\t\t\t<\/div>\n\t\t\t\t<div class=\"elementor-element elementor-element-f500a35 elementor-widget elementor-widget-text-editor\" data-id=\"f500a35\" data-element_type=\"widget\" data-widget_type=\"text-editor.default\">\n\t\t\t\t<div class=\"elementor-widget-container\">\n\t\t\t\t\t\t\t<p>Carthago Z &#8211; Randel Z<\/p>\t\t\t\t\t\t<\/div>\n\t\t\t\t<\/div>\n\t\t\t\t<div class=\"elementor-element elementor-element-2e08a91 elementor-arrows-position-inside elementor-pagination-position-outside elementor-widget elementor-widget-image-carousel\" data-id=\"2e08a91\" data-element_type=\"widget\" data-settings=\"{&quot;slides_to_show&quot;:&quot;1&quot;,&quot;autoplay_speed&quot;:4990,&quot;effect&quot;:&quot;fade&quot;,&quot;navigation&quot;:&quot;both&quot;,&quot;autoplay&quot;:&quot;yes&quot;,&quot;pause_on_hover&quot;:&quot;yes&quot;,&quot;pause_on_interaction&quot;:&quot;yes&quot;,&quot;infinite&quot;:&quot;yes&quot;,&quot;speed&quot;:500}\" data-widget_type=\"image-carousel.default\">\n\t\t\t\t<div class=\"elementor-widget-container\">\n\t\t\t\t\t<div class=\"elementor-image-carousel-wrapper swiper\" dir=\"ltr\">\n\t\t\t<div class=\"elementor-image-carousel swiper-wrapper\" aria-live=\"off\">\n\t\t\t\t\t\t\t\t<div class=\"swiper-slide\" role=\"group\" aria-roledescription=\"slide\" aria-label=\"1 de 3\"><figure class=\"swiper-slide-inner\"><img decoding=\"async\" class=\"swiper-slide-image\" src=\"https:\/\/spanishjumpinghorses.com\/wp-content\/uploads\/2019\/08\/cicero-z.jpg\" alt=\"Cicero Z\" \/><\/figure><\/div><div class=\"swiper-slide\" role=\"group\" aria-roledescription=\"slide\" aria-label=\"2 de 3\"><figure class=\"swiper-slide-inner\"><img decoding=\"async\" class=\"swiper-slide-image\" src=\"https:\/\/spanishjumpinghorses.com\/wp-content\/uploads\/2020\/06\/cicero2.jpg\" alt=\"cicero2\" \/><\/figure><\/div><div class=\"swiper-slide\" role=\"group\" aria-roledescription=\"slide\" aria-label=\"3 de 3\"><figure class=\"swiper-slide-inner\"><img decoding=\"async\" class=\"swiper-slide-image\" src=\"https:\/\/spanishjumpinghorses.com\/wp-content\/uploads\/2020\/06\/cicero-3-768x512.jpg\" alt=\"cicero 3\" \/><\/figure><\/div>\t\t\t<\/div>\n\t\t\t\t\t\t\t\t\t\t\t\t<div class=\"elementor-swiper-button elementor-swiper-button-prev\" role=\"button\" tabindex=\"0\">\n\t\t\t\t\t\t<i aria-hidden=\"true\" class=\"eicon-chevron-left\"><\/i>\t\t\t\t\t<\/div>\n\t\t\t\t\t<div class=\"elementor-swiper-button elementor-swiper-button-next\" role=\"button\" tabindex=\"0\">\n\t\t\t\t\t\t<i aria-hidden=\"true\" class=\"eicon-chevron-right\"><\/i>\t\t\t\t\t<\/div>\n\t\t\t\t\n\t\t\t\t\t\t\t\t\t<div class=\"swiper-pagination\"><\/div>\n\t\t\t\t\t\t\t\t\t<\/div>\n\t\t\t\t<\/div>\n\t\t\t\t<\/div>\n\t\t\t\t\t<\/div>\n\t\t<\/div>\n\t\t\t\t\t<\/div>\n\t\t<\/section>\n\t\t\t\t<section class=\"elementor-section elementor-top-section elementor-element elementor-element-bd8f619 elementor-section-boxed elementor-section-height-default elementor-section-height-default\" data-id=\"bd8f619\" data-element_type=\"section\">\n\t\t\t\t\t\t<div class=\"elementor-container elementor-column-gap-default\">\n\t\t\t\t\t<div class=\"elementor-column elementor-col-100 elementor-top-column elementor-element elementor-element-c1be9c4\" data-id=\"c1be9c4\" data-element_type=\"column\">\n\t\t\t<div class=\"elementor-widget-wrap elementor-element-populated\">\n\t\t\t\t\t\t<div class=\"elementor-element elementor-element-eb5f112 elementor-widget elementor-widget-heading\" data-id=\"eb5f112\" data-element_type=\"widget\" data-widget_type=\"heading.default\">\n\t\t\t\t<div class=\"elementor-widget-container\">\n\t\t\t<h2 class=\"elementor-heading-title elementor-size-default\">DESCRIPCI\u00d3N DE CICERO Z<\/h2>\t\t<\/div>\n\t\t\t\t<\/div>\n\t\t\t\t<div class=\"elementor-element elementor-element-cea7a7c elementor-widget-divider--view-line elementor-widget elementor-widget-divider\" data-id=\"cea7a7c\" data-element_type=\"widget\" data-widget_type=\"divider.default\">\n\t\t\t\t<div class=\"elementor-widget-container\">\n\t\t\t\t\t<div class=\"elementor-divider\">\n\t\t\t<span class=\"elementor-divider-separator\">\n\t\t\t\t\t\t<\/span>\n\t\t<\/div>\n\t\t\t\t<\/div>\n\t\t\t\t<\/div>\n\t\t\t\t<div class=\"elementor-element elementor-element-e17bf78 elementor-widget elementor-widget-text-editor\" data-id=\"e17bf78\" data-element_type=\"widget\" data-widget_type=\"text-editor.default\">\n\t\t\t\t<div class=\"elementor-widget-container\">\n\t\t\t\t\t\t\t<p><strong>Acerca de<\/strong> &#8211; Cicero Z, tambi\u00e9n conocido como Cicero Z Van Paemel, es un semental de gran \u00e9xito tanto en el deporte como en la cr\u00eda. Tiene un excelente temperamento, un fuerza ilimitada y es muy f\u00e1cil de montar.<\/p><p><strong>Rendimiento<\/strong> &#8211; Cicero Z compiti\u00f3 al m\u00e1s alto nivel antes de centrarse en su carrera de semental. Fue 7\u00ba en la clasificaci\u00f3n de la Copa del Mundo en Malinas en 2009, y en 2012 gan\u00f3 la competici\u00f3n de sementales en Malinas y termin\u00f3 4\u00ba en el prestigioso GP Lanaken \u00abSementales del Mundo\u00bb. Gan\u00f3 el gran premio en Aalst y Amberes, y registr\u00f3 muchos buenas clasificaciones, incluyendo en HOYS, St Gallen y La Baule.<\/p><p><strong>Padre<\/strong> &#8211; El padre de Cicero Z, Carthago Z, fue el hijo m\u00e1s influyente del padre de la fundaci\u00f3n, Capitol I. Particip\u00f3 en dos Juegos Ol\u00edmpicos con Jos Lansink, terminando en el 11\u00ba lugar en Atlanta en 1996, se subi\u00f3 a los equipos ganadores de la Copa de las Naciones en Rotterdam, Aquisgr\u00e1n y La Baule, y gan\u00f3 numerosos grandes premios en todo el mundo. Tiene m\u00e1s de 100 hijos aprobados, y m\u00e1s de 150 hijos saltando a nivel de gran premio. Sus hijos incluyen al Viejo Chap Tame, Mylord Carthago, Davos, Cappucino, Cash 63 y Coltaire Z. Tambi\u00e9n es el padre de un participante del CCI4* en Cadoc Z.<\/p><p><strong>Hijos<\/strong> &#8211; Gigolo, ganador del GP de Mannheim, Galisco van Paemel, que salt\u00f3 al gran premio cuando ten\u00eda ocho a\u00f1os, al igual que Cyrano d&#8217;Orbri Cinderella C, Fenia van Klapscheut y Ciska van Paemel Z. Gotti Van Paemel fue el ganador del Hickstead Derby Trial, y ha ganado clases de potencia en HOYS y Bolesworth, despejando 2,10m. Izzy By Picobello de Bertram Allen fue octavo en la clasificaci\u00f3n de la Copa del Mundo en Mechelen y quinto en un gran premio en Olimpia. En los Campeonatos Mundiales de Caballos J\u00f3venes de 2014, cinco hijos de Cicer\u00f3n llegaron a la final. Los hijos de Cicero poseen un temperamento excepcional, potentes cuartos traseros y una fuerza incre\u00edble, con una voluntad de rendimiento que los hace aptos para jinetes profesionales y aficionados por igual.<\/p>\t\t\t\t\t\t<\/div>\n\t\t\t\t<\/div>\n\t\t\t\t\t<\/div>\n\t\t<\/div>\n\t\t\t\t\t<\/div>\n\t\t<\/section>\n\t\t\t\t<section class=\"elementor-section elementor-top-section elementor-element elementor-element-ec11589 elementor-section-boxed elementor-section-height-default elementor-section-height-default\" data-id=\"ec11589\" data-element_type=\"section\" data-settings=\"{&quot;background_background&quot;:&quot;classic&quot;,&quot;shape_divider_bottom&quot;:&quot;opacity-tilt&quot;}\">\n\t\t\t\t\t<div class=\"elementor-shape elementor-shape-bottom\" data-negative=\"false\">\n\t\t\t<svg xmlns=\"http:\/\/www.w3.org\/2000\/svg\" viewBox=\"0 0 2600 131.1\" preserveAspectRatio=\"none\">\n\t<path class=\"elementor-shape-fill\" d=\"M0 0L2600 0 2600 69.1 0 0z\"\/>\n\t<path class=\"elementor-shape-fill\" style=\"opacity:0.5\" d=\"M0 0L2600 0 2600 69.1 0 69.1z\"\/>\n\t<path class=\"elementor-shape-fill\" style=\"opacity:0.25\" d=\"M2600 0L0 0 0 130.1 2600 69.1z\"\/>\n<\/svg>\t\t<\/div>\n\t\t\t\t\t<div class=\"elementor-container elementor-column-gap-default\">\n\t\t\t\t\t<div class=\"elementor-column elementor-col-100 elementor-top-column elementor-element elementor-element-4ccb53c\" data-id=\"4ccb53c\" data-element_type=\"column\">\n\t\t\t<div class=\"elementor-widget-wrap elementor-element-populated\">\n\t\t\t\t\t\t<div class=\"elementor-element elementor-element-cdd69ad elementor-widget elementor-widget-text-editor\" data-id=\"cdd69ad\" data-element_type=\"widget\" data-widget_type=\"text-editor.default\">\n\t\t\t\t<div class=\"elementor-widget-container\">\n\t\t\t\t\t\t\t<table>\n<tbody>\n<tr>\n<td style=\"text-align: left;\" rowspan=\"4\" width=\"188\"><span style=\"color: #63c1ff;\"><strong>\u00a0 \u00a0 \u00a0 \u00a0 \u00a0 <\/strong><\/span>\n<h6><span style=\"color: #63c1ff;\"><strong>\u00a0 \u00a0 \u00a0 \u00a0 \u00a0 <\/strong><\/span><\/h6>\n<h6><span style=\"color: #63c1ff;\"><strong>\u00a0 \u00a0 \u00a0 \u00a0 \u00a0 \u00a0 \u00a0 \u00a0 \u00a0 \u00a0 \u00a0 \u00a0 Carthago Z<\/strong><\/span><\/h6>\n<\/td>\n<td rowspan=\"2\" width=\"188\">\n<h6><\/h6>\n<h6><span style=\"color: #63c1ff;\"><strong>Capitol I<\/strong><\/span><\/h6>\n<\/td>\n<td width=\"188\"><span style=\"color: #63c1ff;\"><strong>Capitano<\/strong><\/span><\/td>\n<\/tr>\n<tr>\n<td width=\"188\"><span style=\"color: #63c1ff;\"><strong>\u00a0 \u00a0Folia<\/strong><\/span><\/td>\n<\/tr>\n<tr>\n<td rowspan=\"2\" width=\"188\">\n<h6><\/h6>\n<span style=\"color: #63c1ff;\"><strong>\u00a0 \u00a0 <\/strong><strong>Perra<\/strong><\/span><\/td>\n<td width=\"188\"><span style=\"color: #63c1ff;\"><strong>Calando I<\/strong><\/span><\/td>\n<\/tr>\n<tr>\n<td width=\"188\"><span style=\"color: #63c1ff;\"><strong>\u00a0 \u00a0Kerrin<\/strong><\/span><\/td>\n<\/tr>\n<tr>\n<td style=\"text-align: center;\" rowspan=\"4\" width=\"188\">\n<h6><\/h6>\n<h6><\/h6>\n<h6 style=\"text-align: left;\"><span style=\"color: #63c1ff;\"><strong>\u00a0 \u00a0 \u00a0 \u00a0 \u00a0 \u00a0 \u00a0 \u00a0 \u00a0 \u00a0 \u00a0 \u00a0 \u00a0Rendez-Vous Van Paemel<\/strong><\/span><\/h6>\n<\/td>\n<td rowspan=\"2\" width=\"188\">\n<h6><\/h6>\n<h6><span style=\"color: #63c1ff;\"><strong>Randel Z<\/strong><\/span><\/h6>\n<\/td>\n<td width=\"188\"><span style=\"color: #63c1ff;\"><strong>Ramiro Z<\/strong><\/span><\/td>\n<\/tr>\n<tr>\n<td width=\"188\"><span style=\"color: #63c1ff;\"><strong>\u00a0 \u00a0Alaric Z<\/strong><\/span><\/td>\n<\/tr>\n<tr>\n<td rowspan=\"2\" width=\"188\"><span style=\"color: #63c1ff;\"><strong>\u00a0 \u00a0<\/strong><\/span>\n\n<span style=\"color: #63c1ff;\"><strong>Granie<\/strong><\/span><\/td>\n<td width=\"188\"><span style=\"color: #63c1ff;\"><strong>Graphit<\/strong><\/span><\/td>\n<\/tr>\n<tr>\n<td width=\"188\"><span style=\"color: #63c1ff;\"><strong>\u00a0 \u00a0Goldlady<\/strong><\/span><\/td>\n<\/tr>\n<\/tbody>\n<\/table>\t\t\t\t\t\t<\/div>\n\t\t\t\t<\/div>\n\t\t\t\t<div class=\"elementor-element elementor-element-1825df3 elementor-widget elementor-widget-spacer\" data-id=\"1825df3\" data-element_type=\"widget\" data-widget_type=\"spacer.default\">\n\t\t\t\t<div class=\"elementor-widget-container\">\n\t\t\t\t\t<div class=\"elementor-spacer\">\n\t\t\t<div class=\"elementor-spacer-inner\"><\/div>\n\t\t<\/div>\n\t\t\t\t<\/div>\n\t\t\t\t<\/div>\n\t\t\t\t\t<\/div>\n\t\t<\/div>\n\t\t\t\t\t<\/div>\n\t\t<\/section>\n\t\t\t\t<section class=\"elementor-section elementor-top-section elementor-element elementor-element-2f99dfa elementor-section-height-full elementor-section-boxed elementor-section-height-default elementor-section-items-middle\" data-id=\"2f99dfa\" data-element_type=\"section\">\n\t\t\t\t\t\t<div class=\"elementor-container elementor-column-gap-default\">\n\t\t\t\t\t<div class=\"elementor-column elementor-col-100 elementor-top-column elementor-element elementor-element-085b3f8\" data-id=\"085b3f8\" data-element_type=\"column\">\n\t\t\t<div class=\"elementor-widget-wrap elementor-element-populated\">\n\t\t\t\t\t\t<div class=\"elementor-element elementor-element-e5ee5f8 elementor-widget elementor-widget-video\" data-id=\"e5ee5f8\" data-element_type=\"widget\" data-settings=\"{&quot;youtube_url&quot;:&quot;https:\\\/\\\/www.youtube.com\\\/watch?v=lDKKNb2nkBE&quot;,&quot;video_type&quot;:&quot;youtube&quot;,&quot;controls&quot;:&quot;yes&quot;}\" data-widget_type=\"video.default\">\n\t\t\t\t<div class=\"elementor-widget-container\">\n\t\t\t\t\t<div class=\"elementor-wrapper elementor-open-inline\">\n\t\t\t<div class=\"elementor-video\"><\/div>\t\t<\/div>\n\t\t\t\t<\/div>\n\t\t\t\t<\/div>\n\t\t\t\t\t<\/div>\n\t\t<\/div>\n\t\t\t\t\t<\/div>\n\t\t<\/section>\n\t\t\t\t<section class=\"elementor-section elementor-top-section elementor-element elementor-element-6ee02c1 elementor-section-boxed elementor-section-height-default elementor-section-height-default\" data-id=\"6ee02c1\" data-element_type=\"section\">\n\t\t\t\t\t\t<div class=\"elementor-container elementor-column-gap-default\">\n\t\t\t\t\t<div class=\"elementor-column elementor-col-100 elementor-top-column elementor-element elementor-element-a3d49a9\" data-id=\"a3d49a9\" data-element_type=\"column\">\n\t\t\t<div class=\"elementor-widget-wrap elementor-element-populated\">\n\t\t\t\t\t\t<div class=\"elementor-element elementor-element-f62dcc7 elementor-widget elementor-widget-image\" data-id=\"f62dcc7\" data-element_type=\"widget\" data-widget_type=\"image.default\">\n\t\t\t\t<div class=\"elementor-widget-container\">\n\t\t\t\t\t\t\t\t\t\t\t\t\t<img decoding=\"async\" width=\"150\" height=\"150\" src=\"https:\/\/spanishjumpinghorses.com\/wp-content\/uploads\/2019\/08\/caballo-saltando-gris-150x150.jpg\" class=\"attachment-thumbnail size-thumbnail wp-image-421\" alt=\"\" srcset=\"https:\/\/spanishjumpinghorses.com\/wp-content\/uploads\/2019\/08\/caballo-saltando-gris-150x150.jpg 150w, https:\/\/spanishjumpinghorses.com\/wp-content\/uploads\/2019\/08\/caballo-saltando-gris-300x300.jpg 300w, https:\/\/spanishjumpinghorses.com\/wp-content\/uploads\/2019\/08\/caballo-saltando-gris-768x768.jpg 768w, https:\/\/spanishjumpinghorses.com\/wp-content\/uploads\/2019\/08\/caballo-saltando-gris.jpg 981w\" sizes=\"(max-width: 150px) 100vw, 150px\" \/>\t\t\t\t\t\t\t\t\t\t\t\t\t<\/div>\n\t\t\t\t<\/div>\n\t\t\t\t\t<\/div>\n\t\t<\/div>\n\t\t\t\t\t<\/div>\n\t\t<\/section>\n\t\t\t\t<\/div>\n\t\t","protected":false},"excerpt":{"rendered":"<p>CICERO Z Carthago Z &#8211; Randel Z Anterior Siguiente DESCRIPCI\u00d3N DE CICERO Z Acerca de &#8211; Cicero Z, tambi\u00e9n conocido como Cicero Z Van Paemel, es un semental de gran \u00e9xito tanto en el deporte como en la cr\u00eda. Tiene un excelente temperamento, un fuerza ilimitada y es muy f\u00e1cil de montar. Rendimiento &#8211; Cicero [&hellip;]<\/p>\n","protected":false},"author":1,"featured_media":0,"parent":0,"menu_order":0,"comment_status":"closed","ping_status":"closed","template":"","meta":{"ocean_post_layout":"full-screen","ocean_both_sidebars_style":"","ocean_both_sidebars_content_width":0,"ocean_both_sidebars_sidebars_width":0,"ocean_sidebar":"0","ocean_second_sidebar":"0","ocean_disable_margins":"enable","ocean_add_body_class":"","ocean_shortcode_before_top_bar":"","ocean_shortcode_after_top_bar":"","ocean_shortcode_before_header":"","ocean_shortcode_after_header":"","ocean_has_shortcode":"","ocean_shortcode_after_title":"","ocean_shortcode_before_footer_widgets":"","ocean_shortcode_after_footer_widgets":"","ocean_shortcode_before_footer_bottom":"","ocean_shortcode_after_footer_bottom":"","ocean_display_top_bar":"default","ocean_display_header":"default","ocean_header_style":"","ocean_center_header_left_menu":"0","ocean_custom_header_template":"0","ocean_custom_logo":0,"ocean_custom_retina_logo":0,"ocean_custom_logo_max_width":0,"ocean_custom_logo_tablet_max_width":0,"ocean_custom_logo_mobile_max_width":0,"ocean_custom_logo_max_height":0,"ocean_custom_logo_tablet_max_height":0,"ocean_custom_logo_mobile_max_height":0,"ocean_header_custom_menu":"0","ocean_menu_typo_font_family":"0","ocean_menu_typo_font_subset":"","ocean_menu_typo_font_size":0,"ocean_menu_typo_font_size_tablet":0,"ocean_menu_typo_font_size_mobile":0,"ocean_menu_typo_font_size_unit":"px","ocean_menu_typo_font_weight":"","ocean_menu_typo_font_weight_tablet":"","ocean_menu_typo_font_weight_mobile":"","ocean_menu_typo_transform":"","ocean_menu_typo_transform_tablet":"","ocean_menu_typo_transform_mobile":"","ocean_menu_typo_line_height":0,"ocean_menu_typo_line_height_tablet":0,"ocean_menu_typo_line_height_mobile":0,"ocean_menu_typo_line_height_unit":"","ocean_menu_typo_spacing":0,"ocean_menu_typo_spacing_tablet":0,"ocean_menu_typo_spacing_mobile":0,"ocean_menu_typo_spacing_unit":"","ocean_menu_link_color":"","ocean_menu_link_color_hover":"","ocean_menu_link_color_active":"","ocean_menu_link_background":"","ocean_menu_link_hover_background":"","ocean_menu_link_active_background":"","ocean_menu_social_links_bg":"","ocean_menu_social_hover_links_bg":"","ocean_menu_social_links_color":"","ocean_menu_social_hover_links_color":"","ocean_disable_title":"on","ocean_disable_heading":"default","ocean_post_title":"","ocean_post_subheading":"","ocean_post_title_style":"","ocean_post_title_background_color":"","ocean_post_title_background":0,"ocean_post_title_bg_image_position":"","ocean_post_title_bg_image_attachment":"","ocean_post_title_bg_image_repeat":"","ocean_post_title_bg_image_size":"","ocean_post_title_height":0,"ocean_post_title_bg_overlay":0.5,"ocean_post_title_bg_overlay_color":"","ocean_disable_breadcrumbs":"default","ocean_breadcrumbs_color":"","ocean_breadcrumbs_separator_color":"","ocean_breadcrumbs_links_color":"","ocean_breadcrumbs_links_hover_color":"","ocean_display_footer_widgets":"default","ocean_display_footer_bottom":"default","ocean_custom_footer_template":"0","footnotes":""},"class_list":["post-1337","page","type-page","status-publish","hentry","entry"],"_links":{"self":[{"href":"https:\/\/spanishjumpinghorses.com\/index.php\/wp-json\/wp\/v2\/pages\/1337","targetHints":{"allow":["GET"]}}],"collection":[{"href":"https:\/\/spanishjumpinghorses.com\/index.php\/wp-json\/wp\/v2\/pages"}],"about":[{"href":"https:\/\/spanishjumpinghorses.com\/index.php\/wp-json\/wp\/v2\/types\/page"}],"author":[{"embeddable":true,"href":"https:\/\/spanishjumpinghorses.com\/index.php\/wp-json\/wp\/v2\/users\/1"}],"replies":[{"embeddable":true,"href":"https:\/\/spanishjumpinghorses.com\/index.php\/wp-json\/wp\/v2\/comments?post=1337"}],"version-history":[{"count":7,"href":"https:\/\/spanishjumpinghorses.com\/index.php\/wp-json\/wp\/v2\/pages\/1337\/revisions"}],"predecessor-version":[{"id":1567,"href":"https:\/\/spanishjumpinghorses.com\/index.php\/wp-json\/wp\/v2\/pages\/1337\/revisions\/1567"}],"wp:attachment":[{"href":"https:\/\/spanishjumpinghorses.com\/index.php\/wp-json\/wp\/v2\/media?parent=1337"}],"curies":[{"name":"wp","href":"https:\/\/api.w.org\/{rel}","templated":true}]}}