{"id":1217,"date":"2020-04-25T21:05:38","date_gmt":"2020-04-25T19:05:38","guid":{"rendered":"https:\/\/spanishjumpinghorses.com\/?page_id=1217"},"modified":"2020-06-24T16:57:35","modified_gmt":"2020-06-24T14:57:35","slug":"mylord-carthago","status":"publish","type":"page","link":"https:\/\/spanishjumpinghorses.com\/index.php\/mylord-carthago\/","title":{"rendered":"Mylord Carthago"},"content":{"rendered":"\t\t<div data-elementor-type=\"wp-post\" data-elementor-id=\"1217\" class=\"elementor elementor-1217\">\n\t\t\t\t\t\t<section class=\"elementor-section elementor-top-section elementor-element elementor-element-55377d9 elementor-section-boxed elementor-section-height-default elementor-section-height-default\" data-id=\"55377d9\" data-element_type=\"section\">\n\t\t\t\t\t\t<div class=\"elementor-container elementor-column-gap-default\">\n\t\t\t\t\t<div class=\"elementor-column elementor-col-100 elementor-top-column elementor-element elementor-element-8239a8e\" data-id=\"8239a8e\" data-element_type=\"column\">\n\t\t\t<div class=\"elementor-widget-wrap elementor-element-populated\">\n\t\t\t\t\t\t<div class=\"elementor-element elementor-element-d4ed280 elementor-widget elementor-widget-heading\" data-id=\"d4ed280\" data-element_type=\"widget\" data-widget_type=\"heading.default\">\n\t\t\t\t<div class=\"elementor-widget-container\">\n\t\t\t<h2 class=\"elementor-heading-title elementor-size-default\">MYLORD CARTHGO<\/h2>\t\t<\/div>\n\t\t\t\t<\/div>\n\t\t\t\t<div class=\"elementor-element elementor-element-5a079c1 elementor-widget elementor-widget-text-editor\" data-id=\"5a079c1\" data-element_type=\"widget\" data-widget_type=\"text-editor.default\">\n\t\t\t\t<div class=\"elementor-widget-container\">\n\t\t\t\t\t\t\t<p>Carthago &#8211; Jalisco B<\/p>\t\t\t\t\t\t<\/div>\n\t\t\t\t<\/div>\n\t\t\t\t<div class=\"elementor-element elementor-element-ffe8fee elementor-arrows-position-inside elementor-pagination-position-outside elementor-widget elementor-widget-image-carousel\" data-id=\"ffe8fee\" data-element_type=\"widget\" data-settings=\"{&quot;slides_to_show&quot;:&quot;1&quot;,&quot;autoplay_speed&quot;:4990,&quot;effect&quot;:&quot;fade&quot;,&quot;navigation&quot;:&quot;both&quot;,&quot;autoplay&quot;:&quot;yes&quot;,&quot;pause_on_hover&quot;:&quot;yes&quot;,&quot;pause_on_interaction&quot;:&quot;yes&quot;,&quot;infinite&quot;:&quot;yes&quot;,&quot;speed&quot;:500}\" data-widget_type=\"image-carousel.default\">\n\t\t\t\t<div class=\"elementor-widget-container\">\n\t\t\t\t\t<div class=\"elementor-image-carousel-wrapper swiper\" dir=\"ltr\">\n\t\t\t<div class=\"elementor-image-carousel swiper-wrapper\" aria-live=\"off\">\n\t\t\t\t\t\t\t\t<div class=\"swiper-slide\" role=\"group\" aria-roledescription=\"slide\" aria-label=\"1 de 3\"><figure class=\"swiper-slide-inner\"><img decoding=\"async\" class=\"swiper-slide-image\" src=\"https:\/\/spanishjumpinghorses.com\/wp-content\/uploads\/2020\/04\/unnamed-1.jpg\" alt=\"unnamed (1)\" \/><\/figure><\/div><div class=\"swiper-slide\" role=\"group\" aria-roledescription=\"slide\" aria-label=\"2 de 3\"><figure class=\"swiper-slide-inner\"><img decoding=\"async\" class=\"swiper-slide-image\" src=\"https:\/\/spanishjumpinghorses.com\/wp-content\/uploads\/2020\/04\/unnamed.jpg\" alt=\"15\/07\/2010\nAACHEN;AIX LA CHAPELLE\nPRIX COUPE DES NATIONS\n\n\n\n\n\n\n\n\n\nJUMPING\nMYLORD CARTHAGO HN\nLEPREVOST Penelope\n | 100715P2966 045173_207\" \/><\/figure><\/div><div class=\"swiper-slide\" role=\"group\" aria-roledescription=\"slide\" aria-label=\"3 de 3\"><figure class=\"swiper-slide-inner\"><img decoding=\"async\" class=\"swiper-slide-image\" src=\"https:\/\/spanishjumpinghorses.com\/wp-content\/uploads\/2020\/04\/mylord.png\" alt=\"mylord\" \/><\/figure><\/div>\t\t\t<\/div>\n\t\t\t\t\t\t\t\t\t\t\t\t<div class=\"elementor-swiper-button elementor-swiper-button-prev\" role=\"button\" tabindex=\"0\">\n\t\t\t\t\t\t<i aria-hidden=\"true\" class=\"eicon-chevron-left\"><\/i>\t\t\t\t\t<\/div>\n\t\t\t\t\t<div class=\"elementor-swiper-button elementor-swiper-button-next\" role=\"button\" tabindex=\"0\">\n\t\t\t\t\t\t<i aria-hidden=\"true\" class=\"eicon-chevron-right\"><\/i>\t\t\t\t\t<\/div>\n\t\t\t\t\n\t\t\t\t\t\t\t\t\t<div class=\"swiper-pagination\"><\/div>\n\t\t\t\t\t\t\t\t\t<\/div>\n\t\t\t\t<\/div>\n\t\t\t\t<\/div>\n\t\t\t\t\t<\/div>\n\t\t<\/div>\n\t\t\t\t\t<\/div>\n\t\t<\/section>\n\t\t\t\t<section class=\"elementor-section elementor-top-section elementor-element elementor-element-9dfbeaa elementor-section-boxed elementor-section-height-default elementor-section-height-default\" data-id=\"9dfbeaa\" data-element_type=\"section\">\n\t\t\t\t\t\t<div class=\"elementor-container elementor-column-gap-default\">\n\t\t\t\t\t<div class=\"elementor-column elementor-col-100 elementor-top-column elementor-element elementor-element-497cdfc\" data-id=\"497cdfc\" data-element_type=\"column\">\n\t\t\t<div class=\"elementor-widget-wrap elementor-element-populated\">\n\t\t\t\t\t\t<div class=\"elementor-element elementor-element-2d111bf elementor-widget elementor-widget-heading\" data-id=\"2d111bf\" data-element_type=\"widget\" data-widget_type=\"heading.default\">\n\t\t\t\t<div class=\"elementor-widget-container\">\n\t\t\t<h2 class=\"elementor-heading-title elementor-size-default\">DESCRIPCI\u00d3N DE MYLORD CARTHAGO<\/h2>\t\t<\/div>\n\t\t\t\t<\/div>\n\t\t\t\t<div class=\"elementor-element elementor-element-02e12ac elementor-widget-divider--view-line elementor-widget elementor-widget-divider\" data-id=\"02e12ac\" data-element_type=\"widget\" data-widget_type=\"divider.default\">\n\t\t\t\t<div class=\"elementor-widget-container\">\n\t\t\t\t\t<div class=\"elementor-divider\">\n\t\t\t<span class=\"elementor-divider-separator\">\n\t\t\t\t\t\t<\/span>\n\t\t<\/div>\n\t\t\t\t<\/div>\n\t\t\t\t<\/div>\n\t\t\t\t<div class=\"elementor-element elementor-element-359d6a3 elementor-widget elementor-widget-text-editor\" data-id=\"359d6a3\" data-element_type=\"widget\" data-widget_type=\"text-editor.default\">\n\t\t\t\t<div class=\"elementor-widget-container\">\n\t\t\t\t\t\t\t<p>Mylord Carthago ha sido uno de los mejores caballos de salto del mundo antes de retirarse en 2014 y se ha convertido en uno de los sementales m\u00e1s buscados en Francia.<\/p><p>La calidad de su progenie est\u00e1 siendo reconocida, habiendo sido clasificado como 4\u00ba mejor semental de los caballos j\u00f3venes de Selle Francais en 2013, 3\u00ba en 2014 y 2\u00ba en 2015. Mylord fue finalista en el Campeonato Mundial de Caballos J\u00f3venes de Lanaken en 4YO, 5YO y 6YO. Termin\u00f3 4\u00ba en 7YO. Luego se embarc\u00f3 en una exitosa carrera deportiva con su jinete de toda la vida, Penelope Leprevost. Gan\u00f3 muchas competiciones prestigiosas entre 2004 y 2012, incluyendo una medalla de plata por equipos en el WEG 2010 en Lexington, KY y una medalla de plata por equipos en el Campeonato Europeo en 2011 en Madrid. Fue finalista en la Copa Mundial de la FEI en 2004 en Ginebra y compiti\u00f3 en los Juegos Ol\u00edmpicos de Londres en 2012. Gan\u00f3 numerosos CSI5* Grand Prix: Helsinki, Viena, Par\u00eds, fue 2\u00ba en: 2012 Gij\u00f3n CSIO5*, 2011 La Baule, 2012 Chantilly, 2012 Rotterdam, #3: 2009 Londres CSI-W, 2010 Roma CSIO5*&#8230; Mylord tambi\u00e9n gan\u00f3 la Copa de la Naci\u00f3n en Aquisgr\u00e1n y Gij\u00f3n en 2012.<\/p><p>Su padre Carthago ha tenido una impresionante carrera que combina la cr\u00eda y la competici\u00f3n. Estuvo durante muchos a\u00f1os entre los 20 mejores sementales de salto. Termin\u00f3 en el 11\u00ba lugar en los Juegos de Atlanta con Jos Lansink y fue miembro del equipo holand\u00e9s en los Juegos de Sydney. La pareja compiti\u00f3 en 15 Copas de las Naciones y gan\u00f3 la Copa de las Naciones en Aquisgr\u00e1n, Rotterdam y La Baule. Su progenie incluye 73 sementales de salto internacional, como: Cartani, Carthino Z, Coltaire Z, Looping D&#8217;Elle, Mylord Carthago*HN, Old Chap Tame, Nartago&#8230;<\/p><p>Mylord Carthago tiene tres excelentes aptitudes, tiene mucha fuerza, respeto y estilo sobre los saltos. Seg\u00fan su jinete Pen\u00e9lope Leprevost, Mylord es un caballo valiente que da mucho al jinete. Es en\u00e9rgico y tiene una muy buena t\u00e9cnica de salto. Mylord tiene una mente muy buena combinada con una excelente capacidad de aprendizaje. Durante su carrera competitiva, nunca rechaz\u00f3 un salto, ni siquiera en la escuela.\u00a0<\/p>\t\t\t\t\t\t<\/div>\n\t\t\t\t<\/div>\n\t\t\t\t\t<\/div>\n\t\t<\/div>\n\t\t\t\t\t<\/div>\n\t\t<\/section>\n\t\t\t\t<section class=\"elementor-section elementor-top-section elementor-element elementor-element-98789fa elementor-section-boxed elementor-section-height-default elementor-section-height-default\" data-id=\"98789fa\" data-element_type=\"section\" data-settings=\"{&quot;background_background&quot;:&quot;classic&quot;,&quot;shape_divider_bottom&quot;:&quot;opacity-tilt&quot;}\">\n\t\t\t\t\t<div class=\"elementor-shape elementor-shape-bottom\" data-negative=\"false\">\n\t\t\t<svg xmlns=\"http:\/\/www.w3.org\/2000\/svg\" viewBox=\"0 0 2600 131.1\" preserveAspectRatio=\"none\">\n\t<path class=\"elementor-shape-fill\" d=\"M0 0L2600 0 2600 69.1 0 0z\"\/>\n\t<path class=\"elementor-shape-fill\" style=\"opacity:0.5\" d=\"M0 0L2600 0 2600 69.1 0 69.1z\"\/>\n\t<path class=\"elementor-shape-fill\" style=\"opacity:0.25\" d=\"M2600 0L0 0 0 130.1 2600 69.1z\"\/>\n<\/svg>\t\t<\/div>\n\t\t\t\t\t<div class=\"elementor-container elementor-column-gap-default\">\n\t\t\t\t\t<div class=\"elementor-column elementor-col-100 elementor-top-column elementor-element elementor-element-03e75fc\" data-id=\"03e75fc\" data-element_type=\"column\">\n\t\t\t<div class=\"elementor-widget-wrap elementor-element-populated\">\n\t\t\t\t\t\t<div class=\"elementor-element elementor-element-5342ed9 elementor-widget elementor-widget-text-editor\" data-id=\"5342ed9\" data-element_type=\"widget\" data-widget_type=\"text-editor.default\">\n\t\t\t\t<div class=\"elementor-widget-container\">\n\t\t\t\t\t\t\t<table>\n<tbody>\n<tr>\n<td style=\"text-align: left;\" rowspan=\"4\" width=\"188\"><span style=\"color: #63c1ff;\"><strong>\u00a0 \u00a0 \u00a0 \u00a0 \u00a0 <\/strong><\/span>\n<h6><span style=\"color: #63c1ff;\"><strong>\u00a0 \u00a0 \u00a0 \u00a0 \u00a0 <\/strong><\/span><\/h6>\n<h6><span style=\"color: #63c1ff;\"><strong>\u00a0 \u00a0 \u00a0 \u00a0 \u00a0 \u00a0 \u00a0 \u00a0 \u00a0 \u00a0 \u00a0 \u00a0 Carthago<\/strong><\/span><\/h6>\n<\/td>\n<td rowspan=\"2\" width=\"188\">\n<h6><\/h6>\n<h6><span style=\"color: #63c1ff;\"><strong>Capitol I<\/strong><\/span><\/h6>\n<\/td>\n<td width=\"188\"><span style=\"color: #63c1ff;\"><strong>Capitano<\/strong><\/span><\/td>\n<\/tr>\n<tr>\n<td width=\"188\"><span style=\"color: #63c1ff;\"><strong>\u00a0 \u00a0Folia<\/strong><\/span><\/td>\n<\/tr>\n<tr>\n<td rowspan=\"2\" width=\"188\">\n<h6><\/h6>\n<span style=\"color: #63c1ff;\"><strong>\u00a0 \u00a0 <\/strong><strong>Perra<\/strong><\/span><\/td>\n<td width=\"188\"><span style=\"color: #63c1ff;\"><strong>Calando I<\/strong><\/span><\/td>\n<\/tr>\n<tr>\n<td width=\"188\"><span style=\"color: #63c1ff;\"><strong>\u00a0 \u00a0Kerrin<\/strong><\/span><\/td>\n<\/tr>\n<tr>\n<td style=\"text-align: center;\" rowspan=\"4\" width=\"188\">\n<h6><\/h6>\n<h6><\/h6>\n<h6 style=\"text-align: left;\"><span style=\"color: #63c1ff;\"><strong>\u00a0 \u00a0 \u00a0 \u00a0 \u00a0 \u00a0 \u00a0 \u00a0 \u00a0 \u00a0 \u00a0 \u00a0 \u00a0Frangance de Chalus<\/strong><\/span><\/h6>\n<\/td>\n<td rowspan=\"2\" width=\"188\">\n<h6><\/h6>\n<h6><span style=\"color: #63c1ff;\"><strong>Jalisco B<\/strong><\/span><\/h6>\n<\/td>\n<td width=\"188\"><span style=\"color: #63c1ff;\"><strong>Alme<\/strong><\/span><\/td>\n<\/tr>\n<tr>\n<td width=\"188\"><span style=\"color: #63c1ff;\"><strong>\u00a0 \u00a0Tanagra<\/strong><\/span><\/td>\n<\/tr>\n<tr>\n<td rowspan=\"2\" width=\"188\"><span style=\"color: #63c1ff;\"><strong>\u00a0 \u00a0<\/strong><\/span>\n\n<span style=\"color: #63c1ff;\"><strong>Nifrane<\/strong><\/span><\/td>\n<td width=\"188\"><span style=\"color: #63c1ff;\"><strong>Furi de la Cense<\/strong><\/span><\/td>\n<\/tr>\n<tr>\n<td width=\"188\"><span style=\"color: #63c1ff;\"><strong>\u00a0 \u00a0Ifrane X<\/strong><\/span><\/td>\n<\/tr>\n<\/tbody>\n<\/table>\t\t\t\t\t\t<\/div>\n\t\t\t\t<\/div>\n\t\t\t\t<div class=\"elementor-element elementor-element-fffa275 elementor-widget elementor-widget-spacer\" data-id=\"fffa275\" data-element_type=\"widget\" data-widget_type=\"spacer.default\">\n\t\t\t\t<div class=\"elementor-widget-container\">\n\t\t\t\t\t<div class=\"elementor-spacer\">\n\t\t\t<div class=\"elementor-spacer-inner\"><\/div>\n\t\t<\/div>\n\t\t\t\t<\/div>\n\t\t\t\t<\/div>\n\t\t\t\t\t<\/div>\n\t\t<\/div>\n\t\t\t\t\t<\/div>\n\t\t<\/section>\n\t\t\t\t<section class=\"elementor-section elementor-top-section elementor-element elementor-element-efaead6 elementor-section-height-full elementor-section-boxed elementor-section-height-default elementor-section-items-middle\" data-id=\"efaead6\" data-element_type=\"section\">\n\t\t\t\t\t\t<div class=\"elementor-container elementor-column-gap-default\">\n\t\t\t\t\t<div class=\"elementor-column elementor-col-100 elementor-top-column elementor-element elementor-element-5cc7082\" data-id=\"5cc7082\" data-element_type=\"column\">\n\t\t\t<div class=\"elementor-widget-wrap elementor-element-populated\">\n\t\t\t\t\t\t<div class=\"elementor-element elementor-element-52aa83c elementor-widget elementor-widget-video\" data-id=\"52aa83c\" data-element_type=\"widget\" data-settings=\"{&quot;youtube_url&quot;:&quot;https:\\\/\\\/www.youtube.com\\\/watch?v=VD2btvVMgec&quot;,&quot;video_type&quot;:&quot;youtube&quot;,&quot;controls&quot;:&quot;yes&quot;}\" data-widget_type=\"video.default\">\n\t\t\t\t<div class=\"elementor-widget-container\">\n\t\t\t\t\t<div class=\"elementor-wrapper elementor-open-inline\">\n\t\t\t<div class=\"elementor-video\"><\/div>\t\t<\/div>\n\t\t\t\t<\/div>\n\t\t\t\t<\/div>\n\t\t\t\t\t<\/div>\n\t\t<\/div>\n\t\t\t\t\t<\/div>\n\t\t<\/section>\n\t\t\t\t<section class=\"elementor-section elementor-top-section elementor-element elementor-element-8fbd474 elementor-section-boxed elementor-section-height-default elementor-section-height-default\" data-id=\"8fbd474\" data-element_type=\"section\">\n\t\t\t\t\t\t<div class=\"elementor-container elementor-column-gap-default\">\n\t\t\t\t\t<div class=\"elementor-column elementor-col-100 elementor-top-column elementor-element elementor-element-0461e5e\" data-id=\"0461e5e\" data-element_type=\"column\">\n\t\t\t<div class=\"elementor-widget-wrap elementor-element-populated\">\n\t\t\t\t\t\t<div class=\"elementor-element elementor-element-6647c3d elementor-widget elementor-widget-image\" data-id=\"6647c3d\" data-element_type=\"widget\" data-widget_type=\"image.default\">\n\t\t\t\t<div class=\"elementor-widget-container\">\n\t\t\t\t\t\t\t\t\t\t\t\t\t<img decoding=\"async\" width=\"150\" height=\"150\" src=\"https:\/\/spanishjumpinghorses.com\/wp-content\/uploads\/2019\/08\/caballo-saltando-gris-150x150.jpg\" class=\"attachment-thumbnail size-thumbnail wp-image-421\" alt=\"\" srcset=\"https:\/\/spanishjumpinghorses.com\/wp-content\/uploads\/2019\/08\/caballo-saltando-gris-150x150.jpg 150w, https:\/\/spanishjumpinghorses.com\/wp-content\/uploads\/2019\/08\/caballo-saltando-gris-300x300.jpg 300w, https:\/\/spanishjumpinghorses.com\/wp-content\/uploads\/2019\/08\/caballo-saltando-gris-768x768.jpg 768w, https:\/\/spanishjumpinghorses.com\/wp-content\/uploads\/2019\/08\/caballo-saltando-gris.jpg 981w\" sizes=\"(max-width: 150px) 100vw, 150px\" \/>\t\t\t\t\t\t\t\t\t\t\t\t\t<\/div>\n\t\t\t\t<\/div>\n\t\t\t\t\t<\/div>\n\t\t<\/div>\n\t\t\t\t\t<\/div>\n\t\t<\/section>\n\t\t\t\t<\/div>\n\t\t","protected":false},"excerpt":{"rendered":"<p>MYLORD CARTHGO Carthago &#8211; Jalisco B Anterior Siguiente DESCRIPCI\u00d3N DE MYLORD CARTHAGO Mylord Carthago ha sido uno de los mejores caballos de salto del mundo antes de retirarse en 2014 y se ha convertido en uno de los sementales m\u00e1s buscados en Francia. La calidad de su progenie est\u00e1 siendo reconocida, habiendo sido clasificado como [&hellip;]<\/p>\n","protected":false},"author":1,"featured_media":0,"parent":0,"menu_order":0,"comment_status":"closed","ping_status":"closed","template":"","meta":{"ocean_post_layout":"full-screen","ocean_both_sidebars_style":"","ocean_both_sidebars_content_width":0,"ocean_both_sidebars_sidebars_width":0,"ocean_sidebar":"0","ocean_second_sidebar":"0","ocean_disable_margins":"on","ocean_add_body_class":"","ocean_shortcode_before_top_bar":"","ocean_shortcode_after_top_bar":"","ocean_shortcode_before_header":"","ocean_shortcode_after_header":"","ocean_has_shortcode":"","ocean_shortcode_after_title":"","ocean_shortcode_before_footer_widgets":"","ocean_shortcode_after_footer_widgets":"","ocean_shortcode_before_footer_bottom":"","ocean_shortcode_after_footer_bottom":"","ocean_display_top_bar":"default","ocean_display_header":"default","ocean_header_style":"","ocean_center_header_left_menu":"0","ocean_custom_header_template":"0","ocean_custom_logo":0,"ocean_custom_retina_logo":0,"ocean_custom_logo_max_width":0,"ocean_custom_logo_tablet_max_width":0,"ocean_custom_logo_mobile_max_width":0,"ocean_custom_logo_max_height":0,"ocean_custom_logo_tablet_max_height":0,"ocean_custom_logo_mobile_max_height":0,"ocean_header_custom_menu":"0","ocean_menu_typo_font_family":"0","ocean_menu_typo_font_subset":"","ocean_menu_typo_font_size":0,"ocean_menu_typo_font_size_tablet":0,"ocean_menu_typo_font_size_mobile":0,"ocean_menu_typo_font_size_unit":"px","ocean_menu_typo_font_weight":"","ocean_menu_typo_font_weight_tablet":"","ocean_menu_typo_font_weight_mobile":"","ocean_menu_typo_transform":"","ocean_menu_typo_transform_tablet":"","ocean_menu_typo_transform_mobile":"","ocean_menu_typo_line_height":0,"ocean_menu_typo_line_height_tablet":0,"ocean_menu_typo_line_height_mobile":0,"ocean_menu_typo_line_height_unit":"","ocean_menu_typo_spacing":0,"ocean_menu_typo_spacing_tablet":0,"ocean_menu_typo_spacing_mobile":0,"ocean_menu_typo_spacing_unit":"","ocean_menu_link_color":"","ocean_menu_link_color_hover":"","ocean_menu_link_color_active":"","ocean_menu_link_background":"","ocean_menu_link_hover_background":"","ocean_menu_link_active_background":"","ocean_menu_social_links_bg":"","ocean_menu_social_hover_links_bg":"","ocean_menu_social_links_color":"","ocean_menu_social_hover_links_color":"","ocean_disable_title":"on","ocean_disable_heading":"default","ocean_post_title":"","ocean_post_subheading":"","ocean_post_title_style":"","ocean_post_title_background_color":"","ocean_post_title_background":0,"ocean_post_title_bg_image_position":"","ocean_post_title_bg_image_attachment":"","ocean_post_title_bg_image_repeat":"","ocean_post_title_bg_image_size":"","ocean_post_title_height":0,"ocean_post_title_bg_overlay":0.5,"ocean_post_title_bg_overlay_color":"","ocean_disable_breadcrumbs":"default","ocean_breadcrumbs_color":"","ocean_breadcrumbs_separator_color":"","ocean_breadcrumbs_links_color":"","ocean_breadcrumbs_links_hover_color":"","ocean_display_footer_widgets":"default","ocean_display_footer_bottom":"default","ocean_custom_footer_template":"0","footnotes":""},"class_list":["post-1217","page","type-page","status-publish","hentry","entry"],"_links":{"self":[{"href":"https:\/\/spanishjumpinghorses.com\/index.php\/wp-json\/wp\/v2\/pages\/1217","targetHints":{"allow":["GET"]}}],"collection":[{"href":"https:\/\/spanishjumpinghorses.com\/index.php\/wp-json\/wp\/v2\/pages"}],"about":[{"href":"https:\/\/spanishjumpinghorses.com\/index.php\/wp-json\/wp\/v2\/types\/page"}],"author":[{"embeddable":true,"href":"https:\/\/spanishjumpinghorses.com\/index.php\/wp-json\/wp\/v2\/users\/1"}],"replies":[{"embeddable":true,"href":"https:\/\/spanishjumpinghorses.com\/index.php\/wp-json\/wp\/v2\/comments?post=1217"}],"version-history":[{"count":3,"href":"https:\/\/spanishjumpinghorses.com\/index.php\/wp-json\/wp\/v2\/pages\/1217\/revisions"}],"predecessor-version":[{"id":1328,"href":"https:\/\/spanishjumpinghorses.com\/index.php\/wp-json\/wp\/v2\/pages\/1217\/revisions\/1328"}],"wp:attachment":[{"href":"https:\/\/spanishjumpinghorses.com\/index.php\/wp-json\/wp\/v2\/media?parent=1217"}],"curies":[{"name":"wp","href":"https:\/\/api.w.org\/{rel}","templated":true}]}}